{"id":2697,"date":"2023-08-25T11:20:14","date_gmt":"2023-08-25T09:20:14","guid":{"rendered":"https:\/\/www.climamania.com\/blog\/?page_id=2697"},"modified":"2023-08-25T11:20:17","modified_gmt":"2023-08-25T09:20:17","slug":"oferta-aire-acondicionado-con-instalacion-en-madrid","status":"publish","type":"page","link":"https:\/\/www.climamania.com\/blog\/oferta-aire-acondicionado-con-instalacion-en-madrid\/","title":{"rendered":"Oferta aire acondicionado con instalaci\u00f3n en Madrid"},"content":{"rendered":"\n<p>Si necesitas una instalaci\u00f3n en la provincia de Madrid, en ClimaMania te ofrecemos un servicio de instalaci\u00f3n c\u00f3modo, f\u00e1cil, profesional y <strong>a un precio super competitivo<\/strong>. Tenemos una gran oferta de aires acondicionados con servicio de instalaci\u00f3n.<\/p>\n\n\n\n<figure class=\"wp-block-image size-full\"><img loading=\"lazy\" decoding=\"async\" width=\"1200\" height=\"628\" src=\"https:\/\/www.climamania.com\/blog\/wp-content\/uploads\/instalacion-aire-acondicionado-valencia.jpg\" alt=\"Oferta aire acondicionado con instalaci\u00f3n en Madrid\" class=\"wp-image-2588\" srcset=\"https:\/\/www.climamania.com\/blog\/wp-content\/uploads\/instalacion-aire-acondicionado-valencia.jpg 1200w, https:\/\/www.climamania.com\/blog\/wp-content\/uploads\/instalacion-aire-acondicionado-valencia-300x157.jpg 300w, https:\/\/www.climamania.com\/blog\/wp-content\/uploads\/instalacion-aire-acondicionado-valencia-1024x536.jpg 1024w, https:\/\/www.climamania.com\/blog\/wp-content\/uploads\/instalacion-aire-acondicionado-valencia-768x402.jpg 768w\" sizes=\"auto, (max-width: 1200px) 100vw, 1200px\" \/><\/figure>\n\n\n\n<p><strong>Realizamos instalaciones de aire en toda la provincia de Madrid <\/strong>desde Madrid ciudad, M\u00f3stoles, Alcal\u00e1 de Henares, Fuenlabrada, Legan\u00e9s&#8230; sin importar el tipo de aire que desees instalar, siempre que sean productos en nuestra p\u00e1gina web <a href=\"https:\/\/www.climamania.com\/\" target=\"_blank\" rel=\"noreferrer noopener\">ClimaMania<\/a>.<\/p>\n\n\n\n<p>Adem\u00e1s realizamos <strong>servicios de mantenimiento<\/strong>, pruebas de estanqueidad, desmontaje de tu antiguo aire acondicionado, montaje de bombas de condensados, carga de gas refrigerante, etc.<\/p>\n\n\n\n<p>En ClimaMania instalamos cualquier equipo que este en nuestra pagina web, tenemos las mejores marcas del mercado como Mitsubishi Electric, Fujitsu, Daikin, Haier, Lg, Panasonic, Samsung, y tambi\u00e9n nuestra propia marca ClimaMania.<\/p>\n\n\n\n<p>No te pierdas nuestra oferta de aire acondicionado con instalaci\u00f3n en la comunidad de Madrid.<\/p>\n\n\n\n<h2 class=\"wp-block-heading\">Instalador aire acondicionado en Madrid<\/h2>\n\n\n\n<p><strong>Nuestros instaladores son profesionales, est\u00e1n cualificados y certificados<\/strong> para realizar cualquier instalaci\u00f3n que necesites. Al igual que nuestros instaladores estamos experimentados en este sector de la climatizaci\u00f3n y de los servicios de instalaci\u00f3n con m\u00e1s de 15 de experiencia.<\/p>\n\n\n\n<h2 class=\"wp-block-heading\">Tipos de instalaci\u00f3n y precios<\/h2>\n\n\n\n<p>Podemos instalar cualquier equipo que compres en nuestra tienda ClimaMania, donde lo necesites: en tu hogar, local comercial, servicio de hosteler\u00eda, hoteles y oficinas.<\/p>\n\n\n\n<h3 class=\"wp-block-heading\">Equipos dom\u00e9sticos y de oficina<\/h3>\n\n\n\n<p>Esta es nuestra oferta de instalaci\u00f3n para aire acondicionado dom\u00e9stico:<\/p>\n\n\n\n<ul class=\"wp-block-list\">\n<li><strong>Split 1\u00d71<\/strong>: Montamos todo tipo de Splits de pared 1\u00d71 de todas las marcas desde&nbsp;<strong><mark>310,00\u20ac<\/mark><\/strong>&nbsp;(<a href=\"https:\/\/www.climamania.com\/instalacion-basica-aire-acondicionado-hasta-4000-frigh.html#\/107-instalacion-madrid\" target=\"_blank\" rel=\"noreferrer noopener\">Ver<\/a>).<\/li>\n\n\n\n<li><strong>Multisplit 2\u00d71<\/strong>: Instalamos equipos 2\u00d71 de aire acondicionado desde&nbsp;<strong><mark>625,00\u20ac<\/mark>&nbsp;<\/strong>(<a href=\"https:\/\/www.climamania.com\/instalacion-basica-aire-acondicionado-2x1-multisplit.html#\/107-instalacion-madrid\" target=\"_blank\" rel=\"noreferrer noopener\">Ver<\/a>).<\/li>\n\n\n\n<li><strong>Multisplit 3\u00d71<\/strong>: Instalamos equipos 3\u00d71 de aire acondicionado desde&nbsp;<strong><mark>825,00\u20ac<\/mark><\/strong>&nbsp;(<a href=\"https:\/\/www.climamania.com\/instalacion-basica-aire-acondicionado-3x1-multisplit.html#\/107-instalacion-madrid\" target=\"_blank\" rel=\"noreferrer noopener\">Ver<\/a>).<\/li>\n\n\n\n<li><strong>Multisplit 4\u00d71<\/strong>: Instalamos equipos 4\u00d71 de aire acondicionado desde&nbsp;<strong><mark>855,00\u20ac<\/mark><\/strong>&nbsp;(<a href=\"https:\/\/www.climamania.com\/instalacion-basica-aire-acondicionado-4x1-multisplit.html#\/107-instalacion-madrid\" target=\"_blank\" rel=\"noreferrer noopener\">Ver<\/a>).<\/li>\n<\/ul>\n\n\n\n<h3 class=\"wp-block-heading\">Equipos comerciales, locales, oficinas y de servicios<\/h3>\n\n\n\n<ul class=\"wp-block-list\">\n<li><strong>Equipos comerciales hasta 3500&nbsp;<a href=\"https:\/\/www.climamania.com\/blog\/frigorias-y-calorias\/\">frigor\u00edas<\/a><\/strong>: Instalaci\u00f3n de Conductos, Cassettes o Suelo-Techo desde&nbsp;<strong><mark>610,00\u20ac<\/mark><\/strong>&nbsp;(<a href=\"https:\/\/www.climamania.com\/instalacion-basica-aire-acondicionado-comercial-hasta-3500-frigh.html#\/107-instalacion-madrid\" target=\"_blank\" rel=\"noreferrer noopener\">Ver<\/a>).<\/li>\n\n\n\n<li><strong>Equipos comerciales hasta 6000 <a href=\"https:\/\/www.climamania.com\/blog\/frigorias-y-calorias\/\">frigor\u00edas<\/a><\/strong>: Instalaci\u00f3n de Conductos, Cassettes o Suelo-Techo desde&nbsp;<strong><mark>640,00\u20ac<\/mark><\/strong>&nbsp;(<a href=\"https:\/\/www.climamania.com\/instalacion-basica-aire-acondicionado-comercial-hasta-6000-frigh.html#\/107-instalacion-madrid\" target=\"_blank\" rel=\"noreferrer noopener\">Ver<\/a>).<\/li>\n\n\n\n<li><strong>Equipos comerciales hasta 9000 frigor\u00edas<\/strong>: Instalaci\u00f3n de Conductos, Cassettes o Suelo-Techo desde&nbsp;<strong><mark>705,00\u20ac<\/mark><\/strong>&nbsp;(<a href=\"https:\/\/www.climamania.com\/instalacion-basica-aire-acondicionado-comercial-hasta-9000-frigh.html#\/107-instalacion-madrid\" target=\"_blank\" rel=\"noreferrer noopener\">Ver<\/a>).<\/li>\n\n\n\n<li><strong>Equipos comerciales hasta 12000 frigor\u00edas<\/strong>: Instalaci\u00f3n de Conductos, Cassettes o Suelo-Techo desde&nbsp;<strong><mark>800,00\u20ac<\/mark><\/strong>&nbsp;(<a href=\"https:\/\/www.climamania.com\/instalacion-basica-aire-acondicionado-comercial-hasta-12000-frigh.html#\/107-instalacion-madrid\" target=\"_blank\" rel=\"noreferrer noopener\">Ver<\/a>).<\/li>\n<\/ul>\n\n\n\n<h3 class=\"wp-block-heading\">Otros servicios de instalaci\u00f3n de aire acondicionado<\/h3>\n\n\n\n<ul class=\"wp-block-list\">\n<li>Prueba de estanqueidad o limpieza con nitr\u00f3geno.<\/li>\n\n\n\n<li>Carga refrigerante R-32 para aire acondicionado.<\/li>\n\n\n\n<li>Instalaci\u00f3n de termostato.<\/li>\n\n\n\n<li>Colocaci\u00f3n de disipador o bomba de condensados.<\/li>\n\n\n\n<li>Desmontaje aire acondicionado dom\u00e9stico o comercial.<\/li>\n<\/ul>\n\n\n\n<p>Todos estos servicios y extras los ofrecemos y realizamos en toda la provincia de Madrid. Aqu\u00ed puedes ver todos nuestros servicios de instalaci\u00f3n:&nbsp;<a href=\"https:\/\/www.climamania.com\/instalaciones\/instalacion-de-aire-acondicionado\/\" target=\"_blank\" rel=\"noreferrer noopener\">Instalaciones aire acondicionado<\/a>.<\/p>\n\n\n\n<h2 class=\"wp-block-heading\">Certificaci\u00f3n en las instalaciones<\/h2>\n\n\n\n<p><strong>Los instaladores de ClimaMania est\u00e1n cualificados y certificados para cualquier instalaci\u00f3n de climatizaci\u00f3n<\/strong>, es imprescindible que recibas el documento B del BOE firmado por la empresa instaladora que va a realizar la manipulaci\u00f3n de equipos de aire acondicionado<\/p>\n\n\n\n<p>Es <strong>obligatorio para un instalador cualificado firmar y rellenar el documento B del BOE<\/strong> para dispositivos que utilizan gases fluorados y seguidamente enviarlo a la empresa donde compraste tu aire acondicionado en este caso, ClimaMania, de lo contrario te pueden sancionar.<\/p>\n\n\n\n<h2 class=\"wp-block-heading\">\u00bfC\u00f3mo contratar instalaciones?<\/h2>\n\n\n\n<p>Si necesitas contratar una instalaci\u00f3n con ClimaMania lo puedes hacer <strong>accediendo al apartado de instalaciones o en la misma pagina del producto<\/strong> que vayas a comprar encontrar\u00e1s un apartado de servicios extras donde puedes a\u00f1adir la instalaci\u00f3n del equipo.<\/p>\n\n\n\n<p>Puedes contratar tu instalaci\u00f3n desde <a href=\"https:\/\/www.climamania.com\">www.climamania.com<\/a> o puedes hacerlo llamando al tel\u00e9fono 96 203 03 44 o mand\u00e1ndonos un WhatsApp al 608 33 10 50 hablando con uno de nuestros comerciales en Madrid.<\/p>\n\n\n\n<h2 class=\"wp-block-heading\">Conclusi\u00f3n<\/h2>\n\n\n\n<p>Si quieres instalar tu aire acondicionado en Madrid con ClimaMania, no te olvides de mirar nuestros servicios de\u00a0<a href=\"https:\/\/www.climamania.com\/instalaciones\/instalacion-de-aire-acondicionado\/\" target=\"_blank\" rel=\"noreferrer noopener\">instalaci\u00f3n de aire acondicionado<\/a>, <strong>tenemos precios muy competitivos y ofrecemos la mejor calidad<\/strong>.<\/p>\n\n\n\n<p>Adem\u00e1s si contratas con nosotros la instalaci\u00f3n puedes pedir que sean los instaladores los que te lleven el aire acondicionado a casa el d\u00eda de la instalaci\u00f3n.<\/p>\n","protected":false},"excerpt":{"rendered":"<p>Si necesitas una instalaci\u00f3n en la provincia de Madrid, en ClimaMania te ofrecemos un servicio de instalaci\u00f3n c\u00f3modo, f\u00e1cil, profesional y a un precio super competitivo. Tenemos una gran oferta &#8230; <a title=\"Oferta aire acondicionado con instalaci\u00f3n en Madrid\" class=\"read-more\" href=\"https:\/\/www.climamania.com\/blog\/oferta-aire-acondicionado-con-instalacion-en-madrid\/\" aria-label=\"Leer m\u00e1s sobre Oferta aire acondicionado con instalaci\u00f3n en Madrid\">Leer m\u00e1s<\/a><\/p>\n","protected":false},"author":36,"featured_media":2588,"parent":0,"menu_order":0,"comment_status":"closed","ping_status":"closed","template":"","meta":{"_lmt_disableupdate":"","_lmt_disable":"","footnotes":""},"class_list":["post-2697","page","type-page","status-publish","has-post-thumbnail"],"yoast_head":"<!-- This site is optimized with the Yoast SEO plugin v27.4 - https:\/\/yoast.com\/product\/yoast-seo-wordpress\/ -->\n<title>Oferta aire acondicionado con instalaci\u00f3n en Madrid | ClimaMania<\/title>\n<meta name=\"description\" content=\"Si necesitas una instalaci\u00f3n en la provincia de Madrid, te ofrecemos un servicio de instalaci\u00f3n c\u00f3modo, profesional y a un precio competitivo\" \/>\n<meta name=\"robots\" content=\"index, follow, max-snippet:-1, max-image-preview:large, max-video-preview:-1\" \/>\n<link rel=\"canonical\" href=\"https:\/\/www.climamania.com\/blog\/oferta-aire-acondicionado-con-instalacion-en-madrid\/\" \/>\n<meta property=\"og:locale\" content=\"es_ES\" \/>\n<meta property=\"og:type\" content=\"article\" \/>\n<meta property=\"og:title\" content=\"Oferta aire acondicionado con instalaci\u00f3n en Madrid | ClimaMania\" \/>\n<meta property=\"og:description\" content=\"Si necesitas una instalaci\u00f3n en la provincia de Madrid, te ofrecemos un servicio de instalaci\u00f3n c\u00f3modo, profesional y a un precio competitivo\" \/>\n<meta property=\"og:url\" content=\"https:\/\/www.climamania.com\/blog\/oferta-aire-acondicionado-con-instalacion-en-madrid\/\" \/>\n<meta property=\"og:site_name\" content=\"El blog de ClimaMania | Expertos en climatizaci\u00f3n\" \/>\n<meta property=\"article:publisher\" content=\"https:\/\/www.facebook.com\/Climamania\" \/>\n<meta property=\"article:modified_time\" content=\"2023-08-25T09:20:17+00:00\" \/>\n<meta property=\"og:image\" content=\"https:\/\/www.climamania.com\/blog\/wp-content\/uploads\/instalacion-aire-acondicionado-valencia.jpg\" \/>\n\t<meta property=\"og:image:width\" content=\"1200\" \/>\n\t<meta property=\"og:image:height\" content=\"628\" \/>\n\t<meta property=\"og:image:type\" content=\"image\/jpeg\" \/>\n<meta name=\"twitter:card\" content=\"summary_large_image\" \/>\n<meta name=\"twitter:site\" content=\"@ClimaMania\" \/>\n<meta name=\"twitter:label1\" content=\"Tiempo de lectura\" \/>\n\t<meta name=\"twitter:data1\" content=\"4 minutos\" \/>\n<script type=\"application\/ld+json\" class=\"yoast-schema-graph\">{\"@context\":\"https:\\\/\\\/schema.org\",\"@graph\":[{\"@type\":\"WebPage\",\"@id\":\"https:\\\/\\\/www.climamania.com\\\/blog\\\/oferta-aire-acondicionado-con-instalacion-en-madrid\\\/\",\"url\":\"https:\\\/\\\/www.climamania.com\\\/blog\\\/oferta-aire-acondicionado-con-instalacion-en-madrid\\\/\",\"name\":\"Oferta aire acondicionado con instalaci\u00f3n en Madrid | ClimaMania\",\"isPartOf\":{\"@id\":\"https:\\\/\\\/www.climamania.com\\\/blog\\\/#website\"},\"primaryImageOfPage\":{\"@id\":\"https:\\\/\\\/www.climamania.com\\\/blog\\\/oferta-aire-acondicionado-con-instalacion-en-madrid\\\/#primaryimage\"},\"image\":{\"@id\":\"https:\\\/\\\/www.climamania.com\\\/blog\\\/oferta-aire-acondicionado-con-instalacion-en-madrid\\\/#primaryimage\"},\"thumbnailUrl\":\"https:\\\/\\\/www.climamania.com\\\/blog\\\/wp-content\\\/uploads\\\/instalacion-aire-acondicionado-valencia.jpg\",\"datePublished\":\"2023-08-25T09:20:14+00:00\",\"dateModified\":\"2023-08-25T09:20:17+00:00\",\"description\":\"Si necesitas una instalaci\u00f3n en la provincia de Madrid, te ofrecemos un servicio de instalaci\u00f3n c\u00f3modo, profesional y a un precio competitivo\",\"breadcrumb\":{\"@id\":\"https:\\\/\\\/www.climamania.com\\\/blog\\\/oferta-aire-acondicionado-con-instalacion-en-madrid\\\/#breadcrumb\"},\"inLanguage\":\"es\",\"potentialAction\":[{\"@type\":\"ReadAction\",\"target\":[\"https:\\\/\\\/www.climamania.com\\\/blog\\\/oferta-aire-acondicionado-con-instalacion-en-madrid\\\/\"]}]},{\"@type\":\"ImageObject\",\"inLanguage\":\"es\",\"@id\":\"https:\\\/\\\/www.climamania.com\\\/blog\\\/oferta-aire-acondicionado-con-instalacion-en-madrid\\\/#primaryimage\",\"url\":\"https:\\\/\\\/www.climamania.com\\\/blog\\\/wp-content\\\/uploads\\\/instalacion-aire-acondicionado-valencia.jpg\",\"contentUrl\":\"https:\\\/\\\/www.climamania.com\\\/blog\\\/wp-content\\\/uploads\\\/instalacion-aire-acondicionado-valencia.jpg\",\"width\":1200,\"height\":628,\"caption\":\"Instalaci\u00f3n aire acondicionado Barcelona\"},{\"@type\":\"BreadcrumbList\",\"@id\":\"https:\\\/\\\/www.climamania.com\\\/blog\\\/oferta-aire-acondicionado-con-instalacion-en-madrid\\\/#breadcrumb\",\"itemListElement\":[{\"@type\":\"ListItem\",\"position\":1,\"name\":\"Portada\",\"item\":\"https:\\\/\\\/www.climamania.com\\\/blog\\\/\"},{\"@type\":\"ListItem\",\"position\":2,\"name\":\"Oferta aire acondicionado con instalaci\u00f3n en Madrid\"}]},{\"@type\":\"WebSite\",\"@id\":\"https:\\\/\\\/www.climamania.com\\\/blog\\\/#website\",\"url\":\"https:\\\/\\\/www.climamania.com\\\/blog\\\/\",\"name\":\"El blog de ClimaMania | Expertos en climatizaci\u00f3n\",\"description\":\"El blog de ClimaMania, mantenemos a todos nuestros usuarios siempre informados sobre las \u00faltimas novedades en aire acondicionado, calefacci\u00f3n y mucho m\u00e1s\",\"publisher\":{\"@id\":\"https:\\\/\\\/www.climamania.com\\\/blog\\\/#organization\"},\"potentialAction\":[{\"@type\":\"SearchAction\",\"target\":{\"@type\":\"EntryPoint\",\"urlTemplate\":\"https:\\\/\\\/www.climamania.com\\\/blog\\\/?s={search_term_string}\"},\"query-input\":{\"@type\":\"PropertyValueSpecification\",\"valueRequired\":true,\"valueName\":\"search_term_string\"}}],\"inLanguage\":\"es\"},{\"@type\":\"Organization\",\"@id\":\"https:\\\/\\\/www.climamania.com\\\/blog\\\/#organization\",\"name\":\"ClimaMania\",\"url\":\"https:\\\/\\\/www.climamania.com\\\/blog\\\/\",\"logo\":{\"@type\":\"ImageObject\",\"inLanguage\":\"es\",\"@id\":\"https:\\\/\\\/www.climamania.com\\\/blog\\\/#\\\/schema\\\/logo\\\/image\\\/\",\"url\":\"https:\\\/\\\/www.climamania.com\\\/blog\\\/wp-content\\\/uploads\\\/logo-blog-climamania.png\",\"contentUrl\":\"https:\\\/\\\/www.climamania.com\\\/blog\\\/wp-content\\\/uploads\\\/logo-blog-climamania.png\",\"width\":1000,\"height\":250,\"caption\":\"ClimaMania\"},\"image\":{\"@id\":\"https:\\\/\\\/www.climamania.com\\\/blog\\\/#\\\/schema\\\/logo\\\/image\\\/\"},\"sameAs\":[\"https:\\\/\\\/www.facebook.com\\\/Climamania\",\"https:\\\/\\\/x.com\\\/ClimaMania\",\"https:\\\/\\\/www.instagram.com\\\/climamania\\\/\"]}]}<\/script>\n<!-- \/ Yoast SEO plugin. -->","yoast_head_json":{"title":"Oferta aire acondicionado con instalaci\u00f3n en Madrid | ClimaMania","description":"Si necesitas una instalaci\u00f3n en la provincia de Madrid, te ofrecemos un servicio de instalaci\u00f3n c\u00f3modo, profesional y a un precio competitivo","robots":{"index":"index","follow":"follow","max-snippet":"max-snippet:-1","max-image-preview":"max-image-preview:large","max-video-preview":"max-video-preview:-1"},"canonical":"https:\/\/www.climamania.com\/blog\/oferta-aire-acondicionado-con-instalacion-en-madrid\/","og_locale":"es_ES","og_type":"article","og_title":"Oferta aire acondicionado con instalaci\u00f3n en Madrid | ClimaMania","og_description":"Si necesitas una instalaci\u00f3n en la provincia de Madrid, te ofrecemos un servicio de instalaci\u00f3n c\u00f3modo, profesional y a un precio competitivo","og_url":"https:\/\/www.climamania.com\/blog\/oferta-aire-acondicionado-con-instalacion-en-madrid\/","og_site_name":"El blog de ClimaMania | Expertos en climatizaci\u00f3n","article_publisher":"https:\/\/www.facebook.com\/Climamania","article_modified_time":"2023-08-25T09:20:17+00:00","og_image":[{"width":1200,"height":628,"url":"https:\/\/www.climamania.com\/blog\/wp-content\/uploads\/instalacion-aire-acondicionado-valencia.jpg","type":"image\/jpeg"}],"twitter_card":"summary_large_image","twitter_site":"@ClimaMania","twitter_misc":{"Tiempo de lectura":"4 minutos"},"schema":{"@context":"https:\/\/schema.org","@graph":[{"@type":"WebPage","@id":"https:\/\/www.climamania.com\/blog\/oferta-aire-acondicionado-con-instalacion-en-madrid\/","url":"https:\/\/www.climamania.com\/blog\/oferta-aire-acondicionado-con-instalacion-en-madrid\/","name":"Oferta aire acondicionado con instalaci\u00f3n en Madrid | ClimaMania","isPartOf":{"@id":"https:\/\/www.climamania.com\/blog\/#website"},"primaryImageOfPage":{"@id":"https:\/\/www.climamania.com\/blog\/oferta-aire-acondicionado-con-instalacion-en-madrid\/#primaryimage"},"image":{"@id":"https:\/\/www.climamania.com\/blog\/oferta-aire-acondicionado-con-instalacion-en-madrid\/#primaryimage"},"thumbnailUrl":"https:\/\/www.climamania.com\/blog\/wp-content\/uploads\/instalacion-aire-acondicionado-valencia.jpg","datePublished":"2023-08-25T09:20:14+00:00","dateModified":"2023-08-25T09:20:17+00:00","description":"Si necesitas una instalaci\u00f3n en la provincia de Madrid, te ofrecemos un servicio de instalaci\u00f3n c\u00f3modo, profesional y a un precio competitivo","breadcrumb":{"@id":"https:\/\/www.climamania.com\/blog\/oferta-aire-acondicionado-con-instalacion-en-madrid\/#breadcrumb"},"inLanguage":"es","potentialAction":[{"@type":"ReadAction","target":["https:\/\/www.climamania.com\/blog\/oferta-aire-acondicionado-con-instalacion-en-madrid\/"]}]},{"@type":"ImageObject","inLanguage":"es","@id":"https:\/\/www.climamania.com\/blog\/oferta-aire-acondicionado-con-instalacion-en-madrid\/#primaryimage","url":"https:\/\/www.climamania.com\/blog\/wp-content\/uploads\/instalacion-aire-acondicionado-valencia.jpg","contentUrl":"https:\/\/www.climamania.com\/blog\/wp-content\/uploads\/instalacion-aire-acondicionado-valencia.jpg","width":1200,"height":628,"caption":"Instalaci\u00f3n aire acondicionado Barcelona"},{"@type":"BreadcrumbList","@id":"https:\/\/www.climamania.com\/blog\/oferta-aire-acondicionado-con-instalacion-en-madrid\/#breadcrumb","itemListElement":[{"@type":"ListItem","position":1,"name":"Portada","item":"https:\/\/www.climamania.com\/blog\/"},{"@type":"ListItem","position":2,"name":"Oferta aire acondicionado con instalaci\u00f3n en Madrid"}]},{"@type":"WebSite","@id":"https:\/\/www.climamania.com\/blog\/#website","url":"https:\/\/www.climamania.com\/blog\/","name":"El blog de ClimaMania | Expertos en climatizaci\u00f3n","description":"El blog de ClimaMania, mantenemos a todos nuestros usuarios siempre informados sobre las \u00faltimas novedades en aire acondicionado, calefacci\u00f3n y mucho m\u00e1s","publisher":{"@id":"https:\/\/www.climamania.com\/blog\/#organization"},"potentialAction":[{"@type":"SearchAction","target":{"@type":"EntryPoint","urlTemplate":"https:\/\/www.climamania.com\/blog\/?s={search_term_string}"},"query-input":{"@type":"PropertyValueSpecification","valueRequired":true,"valueName":"search_term_string"}}],"inLanguage":"es"},{"@type":"Organization","@id":"https:\/\/www.climamania.com\/blog\/#organization","name":"ClimaMania","url":"https:\/\/www.climamania.com\/blog\/","logo":{"@type":"ImageObject","inLanguage":"es","@id":"https:\/\/www.climamania.com\/blog\/#\/schema\/logo\/image\/","url":"https:\/\/www.climamania.com\/blog\/wp-content\/uploads\/logo-blog-climamania.png","contentUrl":"https:\/\/www.climamania.com\/blog\/wp-content\/uploads\/logo-blog-climamania.png","width":1000,"height":250,"caption":"ClimaMania"},"image":{"@id":"https:\/\/www.climamania.com\/blog\/#\/schema\/logo\/image\/"},"sameAs":["https:\/\/www.facebook.com\/Climamania","https:\/\/x.com\/ClimaMania","https:\/\/www.instagram.com\/climamania\/"]}]}},"_links":{"self":[{"href":"https:\/\/www.climamania.com\/blog\/wp-json\/wp\/v2\/pages\/2697","targetHints":{"allow":["GET"]}}],"collection":[{"href":"https:\/\/www.climamania.com\/blog\/wp-json\/wp\/v2\/pages"}],"about":[{"href":"https:\/\/www.climamania.com\/blog\/wp-json\/wp\/v2\/types\/page"}],"author":[{"embeddable":true,"href":"https:\/\/www.climamania.com\/blog\/wp-json\/wp\/v2\/users\/36"}],"replies":[{"embeddable":true,"href":"https:\/\/www.climamania.com\/blog\/wp-json\/wp\/v2\/comments?post=2697"}],"version-history":[{"count":7,"href":"https:\/\/www.climamania.com\/blog\/wp-json\/wp\/v2\/pages\/2697\/revisions"}],"predecessor-version":[{"id":3474,"href":"https:\/\/www.climamania.com\/blog\/wp-json\/wp\/v2\/pages\/2697\/revisions\/3474"}],"wp:featuredmedia":[{"embeddable":true,"href":"https:\/\/www.climamania.com\/blog\/wp-json\/wp\/v2\/media\/2588"}],"wp:attachment":[{"href":"https:\/\/www.climamania.com\/blog\/wp-json\/wp\/v2\/media?parent=2697"}],"curies":[{"name":"wp","href":"https:\/\/api.w.org\/{rel}","templated":true}]}}