{"id":2615,"date":"2023-05-08T16:26:07","date_gmt":"2023-05-08T14:26:07","guid":{"rendered":"https:\/\/www.climamania.com\/blog\/?page_id=2615"},"modified":"2023-05-08T16:26:10","modified_gmt":"2023-05-08T14:26:10","slug":"instalacion-aire-acondicionado-alicante","status":"publish","type":"page","link":"https:\/\/www.climamania.com\/blog\/instalacion-aire-acondicionado-alicante\/","title":{"rendered":"Instalaci\u00f3n de aire acondicionado en Alicante"},"content":{"rendered":"\n<p>Si necesitas instalaci\u00f3n de un aire acondicionado en la provincia de Alicante, <strong>te ofrecemos un servicio c\u00f3modo, f\u00e1cil y a un precio muy competitivo<\/strong>.<\/p>\n\n\n\n<p>Realizamos instalaciones en toda la provincia de Alicante, sin importar el tipo de aire que desees instalar. Adem\u00e1s realizamos servicios de mantenimiento, pruebas de estanqueidad, desmontaje de tu antiguo aire acondicionado, montaje de bombas de condensados, carga de gas refrigerante, etc.<\/p>\n\n\n\n<figure class=\"wp-block-image size-full\"><img loading=\"lazy\" decoding=\"async\" width=\"1200\" height=\"628\" src=\"https:\/\/www.climamania.com\/blog\/wp-content\/uploads\/instalacion-aire-acondicionado-valencia.jpg\" alt=\"Instalaci\u00f3n aire acondicionado Alicante\" class=\"wp-image-2588\" srcset=\"https:\/\/www.climamania.com\/blog\/wp-content\/uploads\/instalacion-aire-acondicionado-valencia.jpg 1200w, https:\/\/www.climamania.com\/blog\/wp-content\/uploads\/instalacion-aire-acondicionado-valencia-300x157.jpg 300w, https:\/\/www.climamania.com\/blog\/wp-content\/uploads\/instalacion-aire-acondicionado-valencia-1024x536.jpg 1024w, https:\/\/www.climamania.com\/blog\/wp-content\/uploads\/instalacion-aire-acondicionado-valencia-768x402.jpg 768w\" sizes=\"auto, (max-width: 1200px) 100vw, 1200px\" \/><\/figure>\n\n\n\n<p>En nuestra web disponemos de las mejores marcas del mercado adem\u00e1s de nuestra propia marca ClimaMania : Mitsubishi Electric, Fujitsu, Daikin, Haier, Lg, Panasonic, Samsung, etc.. las cuales te podemos instalar a un precio super competitivo.<\/p>\n\n\n\n<h2 class=\"wp-block-heading\">Instalador aire acondicionado Alicante<\/h2>\n\n\n\n<p><strong>Los instaladores en ClimaMania son profesionales y cualificados <\/strong>para realizar cualquier instalaci\u00f3n de climatizaci\u00f3n. Somos una empresa habilitada y experimentada como todos nuestros instaladores los cuales adem\u00e1s est\u00e1n certificados para la manipulaci\u00f3n de gases fluorados.<\/p>\n\n\n\n<p>Nuestra experiencia de m\u00e1s de 15 a\u00f1os en este sector de instalaciones de aire acondicionado y equipos de climatizaci\u00f3n en general lo avalan.<\/p>\n\n\n\n<h2 class=\"wp-block-heading\">Tipos de instalaci\u00f3n y precios<\/h2>\n\n\n\n<p>Instalamos cualquier tipo de aire acondicionado disponible en nuestra web (<a href=\"https:\/\/www.climamania.com\/\">www.climamania.com<\/a>) y adem\u00e1s en donde lo necesites. Ya sea en tu hogar, un local comercial, servicio de hosteler\u00eda o oficina. Tambi\u00e9n trabajamos para grandes cadenas hoteleras y de apartamentos tur\u00edsticos.<\/p>\n\n\n\n<h3 class=\"wp-block-heading\">Equipos dom\u00e9sticos y de oficina<\/h3>\n\n\n\n<ul class=\"wp-block-list\">\n<li><strong>Split 1\u00d71<\/strong>: Montamos todo tipo de Splits de pared 1\u00d71 de todas las marcas desde&nbsp;<strong><mark>445,00\u20ac<\/mark><\/strong>&nbsp;(<a href=\"https:\/\/www.climamania.com\/instalacion-basica-aire-acondicionado-hasta-4000-frigh.html#\/79-instalacion-alicante\" target=\"_blank\" rel=\"noreferrer noopener\">Ver<\/a>).<\/li>\n\n\n\n<li><strong>Multisplit 2\u00d71<\/strong>: Instalamos equipos 2\u00d71 de aire acondicionado desde&nbsp;<strong><mark>635,00\u20ac<\/mark>&nbsp;<\/strong>(<a href=\"https:\/\/www.climamania.com\/instalacion-basica-aire-acondicionado-2x1-multisplit.html#\/79-instalacion-alicante\" target=\"_blank\" rel=\"noreferrer noopener\">Ver<\/a>).<\/li>\n\n\n\n<li><strong>Multisplit 3\u00d71<\/strong>: Instalamos equipos 3\u00d71 de aire acondicionado desde&nbsp;<strong><mark>795,00\u20ac<\/mark><\/strong>&nbsp;(<a href=\"https:\/\/www.climamania.com\/instalacion-basica-aire-acondicionado-3x1-multisplit.html#\/79-instalacion-alicante\" target=\"_blank\" rel=\"noreferrer noopener\">Ver<\/a>).<\/li>\n\n\n\n<li><strong>Multisplit 4\u00d71<\/strong>: Instalamos equipos 4\u00d71 de aire acondicionado desde&nbsp;<strong><mark>930,00\u20ac<\/mark><\/strong>&nbsp;(<a href=\"https:\/\/www.climamania.com\/instalacion-basica-aire-acondicionado-4x1-multisplit.html#\/79-instalacion-alicante\" target=\"_blank\" rel=\"noreferrer noopener\">Ver<\/a>).<\/li>\n<\/ul>\n\n\n\n<h3 class=\"wp-block-heading\">Equipos comerciales, locales, oficinas y de servicios<\/h3>\n\n\n\n<ul class=\"wp-block-list\">\n<li><strong>Equipos comerciales hasta 3500&nbsp;<a href=\"https:\/\/www.climamania.com\/blog\/frigorias-y-calorias\/\">frigor\u00edas<\/a><\/strong>: Instalaci\u00f3n de Conductos, Cassettes o Suelo-Techo desde&nbsp;<strong><mark>700,00\u20ac<\/mark><\/strong>&nbsp;(<a href=\"https:\/\/www.climamania.com\/instalacion-basica-aire-acondicionado-comercial-hasta-3500-frigh.html#\/79-instalacion-alicante\" target=\"_blank\" rel=\"noreferrer noopener\">Ver<\/a>).<\/li>\n\n\n\n<li><strong>Equipos comerciales hasta 6000 <a href=\"https:\/\/www.climamania.com\/blog\/frigorias-y-calorias\/\">frigor\u00edas<\/a><\/strong>: Instalaci\u00f3n de Conductos, Cassettes o Suelo-Techo desde&nbsp;<strong><mark>730,00\u20ac<\/mark><\/strong>&nbsp;(<a href=\"https:\/\/www.climamania.com\/instalacion-basica-aire-acondicionado-comercial-hasta-6000-frigh.html#\/79-instalacion-alicante\" target=\"_blank\" rel=\"noreferrer noopener\">Ver<\/a>).<\/li>\n\n\n\n<li><strong>Equipos comerciales hasta 9000 frigor\u00edas<\/strong>: Instalaci\u00f3n de Conductos, Cassettes o Suelo-Techo desde&nbsp;<strong><mark>790,00\u20ac<\/mark><\/strong>&nbsp;(<a href=\"https:\/\/www.climamania.com\/instalacion-basica-aire-acondicionado-comercial-hasta-9000-frigh.html#\/79-instalacion-alicante\" target=\"_blank\" rel=\"noreferrer noopener\">Ver<\/a>).<\/li>\n\n\n\n<li><strong>Equipos comerciales hasta 12000 frigor\u00edas<\/strong>: Instalaci\u00f3n de Conductos, Cassettes o Suelo-Techo desde&nbsp;<strong><mark>880,00\u20ac<\/mark><\/strong>&nbsp;(<a href=\"https:\/\/www.climamania.com\/instalacion-basica-aire-acondicionado-comercial-hasta-12000-frigh.html#\/79-instalacion-alicante\" target=\"_blank\" rel=\"noreferrer noopener\">Ver<\/a>).<\/li>\n<\/ul>\n\n\n\n<h3 class=\"wp-block-heading\">Otros servicios de instalaci\u00f3n de aire acondicionado<\/h3>\n\n\n\n<ul class=\"wp-block-list\">\n<li>Prueba de estanqueidad o limpieza con nitr\u00f3geno.<\/li>\n\n\n\n<li>Carga refrigerante R-32 para aire acondicionado.<\/li>\n\n\n\n<li>Instalaci\u00f3n de termostato.<\/li>\n\n\n\n<li>Colocaci\u00f3n de disipador o bomba de condensados.<\/li>\n\n\n\n<li>Desmontaje aire acondicionado dom\u00e9stico o comercial.<\/li>\n<\/ul>\n\n\n\n<p>Todos estos servicios y extras los ofrecemos y realizamos en toda la provincia de Alicante. Puedes ver todos los servicios de instalaci\u00f3n que ofrecemos en ClimaMania en:&nbsp;<a href=\"https:\/\/www.climamania.com\/instalaciones\/instalacion-de-aire-acondicionado\/\" target=\"_blank\" rel=\"noreferrer noopener\">Instalaciones aire acondicionado<\/a>.<\/p>\n\n\n\n<h2 class=\"wp-block-heading\">Certificaci\u00f3n en las instalaciones<\/h2>\n\n\n\n<p><strong>Todas nuestras instalaciones est\u00e1n certificadas por nuestros instaladores<\/strong>, aseg\u00farate de no olvidarte de recibir el documento B del BOE firmado y rellenado por los instaladores que realicen la instalaci\u00f3n de tu equipo de aire acondicionado.<\/p>\n\n\n\n<p>Un instalador certificado debe rellenarte y firmarte el documento B del BOE y despu\u00e9s enviar el documento a la empresa donde compraste tu equipo en este caso, ClimaMania, ya que sino podr\u00e1s ser sancionado.<\/p>\n\n\n\n<h2 class=\"wp-block-heading\">C\u00f3mo contratar instalaciones de aire acondicionado<\/h2>\n\n\n\n<p>Para contratar el servicio de instalaciones lo puedes hacer desde la categor\u00eda de instalaciones o en la p\u00e1gina de producto de nuestra p\u00e1gina web&nbsp;<a href=\"https:\/\/www.climamania.com\/\" target=\"_blank\" rel=\"noreferrer noopener\">www.climamania.com<\/a>.<\/p>\n\n\n\n<p>O puedes hacerlo llamando al tel\u00e9fono 96 203 03 44 o mand\u00e1ndonos un WhatsApp al 608 33 10 50 hablando con uno de nuestros comerciales en Alicante.<\/p>\n\n\n\n<h2 class=\"wp-block-heading\">Conclusi\u00f3n<\/h2>\n\n\n\n<p>Si necesitas la instalaci\u00f3n de tu aire acondicionado en Alicante con ClimaMania recuerda mirar nuestros servicios de\u00a0<a href=\"https:\/\/www.climamania.com\/instalaciones\/instalacion-de-aire-acondicionado\/\" target=\"_blank\" rel=\"noreferrer noopener\">instalaci\u00f3n de aire acondicionado<\/a>.<\/p>\n","protected":false},"excerpt":{"rendered":"<p>Si necesitas instalaci\u00f3n de un aire acondicionado en la provincia de Alicante, te ofrecemos un servicio c\u00f3modo, f\u00e1cil y a un precio muy competitivo. Realizamos instalaciones en toda la provincia &#8230; <a title=\"Instalaci\u00f3n de aire acondicionado en Alicante\" class=\"read-more\" href=\"https:\/\/www.climamania.com\/blog\/instalacion-aire-acondicionado-alicante\/\" aria-label=\"Leer m\u00e1s sobre Instalaci\u00f3n de aire acondicionado en Alicante\">Leer m\u00e1s<\/a><\/p>\n","protected":false},"author":36,"featured_media":2588,"parent":0,"menu_order":0,"comment_status":"closed","ping_status":"closed","template":"","meta":{"_lmt_disableupdate":"","_lmt_disable":"","footnotes":""},"class_list":["post-2615","page","type-page","status-publish","has-post-thumbnail"],"yoast_head":"<!-- This site is optimized with the Yoast SEO plugin v27.1.1 - https:\/\/yoast.com\/product\/yoast-seo-wordpress\/ -->\n<title>Oferta instalaci\u00f3n de aire acondicionado en Alicante | ClimaMania<\/title>\n<meta name=\"description\" content=\"Servicio de instalaci\u00f3n en Alicante de ClimaMania al comprar nuestros productos desde nuestra p\u00e1gina web o en tienda f\u00edsica.\" \/>\n<meta name=\"robots\" content=\"index, follow, max-snippet:-1, max-image-preview:large, max-video-preview:-1\" \/>\n<link rel=\"canonical\" href=\"https:\/\/www.climamania.com\/blog\/instalacion-aire-acondicionado-alicante\/\" \/>\n<meta property=\"og:locale\" content=\"es_ES\" \/>\n<meta property=\"og:type\" content=\"article\" \/>\n<meta property=\"og:title\" content=\"Oferta instalaci\u00f3n de aire acondicionado en Alicante | ClimaMania\" \/>\n<meta property=\"og:description\" content=\"Servicio de instalaci\u00f3n en Alicante de ClimaMania al comprar nuestros productos desde nuestra p\u00e1gina web o en tienda f\u00edsica.\" \/>\n<meta property=\"og:url\" content=\"https:\/\/www.climamania.com\/blog\/instalacion-aire-acondicionado-alicante\/\" \/>\n<meta property=\"og:site_name\" content=\"El blog de ClimaMania | Expertos en climatizaci\u00f3n\" \/>\n<meta property=\"article:publisher\" content=\"https:\/\/www.facebook.com\/Climamania\" \/>\n<meta property=\"article:modified_time\" content=\"2023-05-08T14:26:10+00:00\" \/>\n<meta property=\"og:image\" content=\"https:\/\/www.climamania.com\/blog\/wp-content\/uploads\/instalacion-aire-acondicionado-valencia.jpg\" \/>\n\t<meta property=\"og:image:width\" content=\"1200\" \/>\n\t<meta property=\"og:image:height\" content=\"628\" \/>\n\t<meta property=\"og:image:type\" content=\"image\/jpeg\" \/>\n<meta name=\"twitter:card\" content=\"summary_large_image\" \/>\n<meta name=\"twitter:site\" content=\"@ClimaMania\" \/>\n<meta name=\"twitter:label1\" content=\"Tiempo de lectura\" \/>\n\t<meta name=\"twitter:data1\" content=\"3 minutos\" \/>\n<script type=\"application\/ld+json\" class=\"yoast-schema-graph\">{\"@context\":\"https:\/\/schema.org\",\"@graph\":[{\"@type\":\"WebPage\",\"@id\":\"https:\/\/www.climamania.com\/blog\/instalacion-aire-acondicionado-alicante\/\",\"url\":\"https:\/\/www.climamania.com\/blog\/instalacion-aire-acondicionado-alicante\/\",\"name\":\"Oferta instalaci\u00f3n de aire acondicionado en Alicante | ClimaMania\",\"isPartOf\":{\"@id\":\"https:\/\/www.climamania.com\/blog\/#website\"},\"primaryImageOfPage\":{\"@id\":\"https:\/\/www.climamania.com\/blog\/instalacion-aire-acondicionado-alicante\/#primaryimage\"},\"image\":{\"@id\":\"https:\/\/www.climamania.com\/blog\/instalacion-aire-acondicionado-alicante\/#primaryimage\"},\"thumbnailUrl\":\"https:\/\/www.climamania.com\/blog\/wp-content\/uploads\/instalacion-aire-acondicionado-valencia.jpg\",\"datePublished\":\"2023-05-08T14:26:07+00:00\",\"dateModified\":\"2023-05-08T14:26:10+00:00\",\"description\":\"Servicio de instalaci\u00f3n en Alicante de ClimaMania al comprar nuestros productos desde nuestra p\u00e1gina web o en tienda f\u00edsica.\",\"breadcrumb\":{\"@id\":\"https:\/\/www.climamania.com\/blog\/instalacion-aire-acondicionado-alicante\/#breadcrumb\"},\"inLanguage\":\"es\",\"potentialAction\":[{\"@type\":\"ReadAction\",\"target\":[\"https:\/\/www.climamania.com\/blog\/instalacion-aire-acondicionado-alicante\/\"]}]},{\"@type\":\"ImageObject\",\"inLanguage\":\"es\",\"@id\":\"https:\/\/www.climamania.com\/blog\/instalacion-aire-acondicionado-alicante\/#primaryimage\",\"url\":\"https:\/\/www.climamania.com\/blog\/wp-content\/uploads\/instalacion-aire-acondicionado-valencia.jpg\",\"contentUrl\":\"https:\/\/www.climamania.com\/blog\/wp-content\/uploads\/instalacion-aire-acondicionado-valencia.jpg\",\"width\":1200,\"height\":628,\"caption\":\"Instalaci\u00f3n aire acondicionado Barcelona\"},{\"@type\":\"BreadcrumbList\",\"@id\":\"https:\/\/www.climamania.com\/blog\/instalacion-aire-acondicionado-alicante\/#breadcrumb\",\"itemListElement\":[{\"@type\":\"ListItem\",\"position\":1,\"name\":\"Portada\",\"item\":\"https:\/\/www.climamania.com\/blog\/\"},{\"@type\":\"ListItem\",\"position\":2,\"name\":\"Instalaci\u00f3n de aire acondicionado en Alicante\"}]},{\"@type\":\"WebSite\",\"@id\":\"https:\/\/www.climamania.com\/blog\/#website\",\"url\":\"https:\/\/www.climamania.com\/blog\/\",\"name\":\"El blog de ClimaMania | Expertos en climatizaci\u00f3n\",\"description\":\"El blog de ClimaMania, mantenemos a todos nuestros usuarios siempre informados sobre las \u00faltimas novedades en aire acondicionado, calefacci\u00f3n y mucho m\u00e1s\",\"publisher\":{\"@id\":\"https:\/\/www.climamania.com\/blog\/#organization\"},\"potentialAction\":[{\"@type\":\"SearchAction\",\"target\":{\"@type\":\"EntryPoint\",\"urlTemplate\":\"https:\/\/www.climamania.com\/blog\/?s={search_term_string}\"},\"query-input\":{\"@type\":\"PropertyValueSpecification\",\"valueRequired\":true,\"valueName\":\"search_term_string\"}}],\"inLanguage\":\"es\"},{\"@type\":\"Organization\",\"@id\":\"https:\/\/www.climamania.com\/blog\/#organization\",\"name\":\"ClimaMania\",\"url\":\"https:\/\/www.climamania.com\/blog\/\",\"logo\":{\"@type\":\"ImageObject\",\"inLanguage\":\"es\",\"@id\":\"https:\/\/www.climamania.com\/blog\/#\/schema\/logo\/image\/\",\"url\":\"https:\/\/www.climamania.com\/blog\/wp-content\/uploads\/logo-blog-climamania.png\",\"contentUrl\":\"https:\/\/www.climamania.com\/blog\/wp-content\/uploads\/logo-blog-climamania.png\",\"width\":1000,\"height\":250,\"caption\":\"ClimaMania\"},\"image\":{\"@id\":\"https:\/\/www.climamania.com\/blog\/#\/schema\/logo\/image\/\"},\"sameAs\":[\"https:\/\/www.facebook.com\/Climamania\",\"https:\/\/x.com\/ClimaMania\",\"https:\/\/www.instagram.com\/climamania\/\"]}]}<\/script>\n<!-- \/ Yoast SEO plugin. -->","yoast_head_json":{"title":"Oferta instalaci\u00f3n de aire acondicionado en Alicante | ClimaMania","description":"Servicio de instalaci\u00f3n en Alicante de ClimaMania al comprar nuestros productos desde nuestra p\u00e1gina web o en tienda f\u00edsica.","robots":{"index":"index","follow":"follow","max-snippet":"max-snippet:-1","max-image-preview":"max-image-preview:large","max-video-preview":"max-video-preview:-1"},"canonical":"https:\/\/www.climamania.com\/blog\/instalacion-aire-acondicionado-alicante\/","og_locale":"es_ES","og_type":"article","og_title":"Oferta instalaci\u00f3n de aire acondicionado en Alicante | ClimaMania","og_description":"Servicio de instalaci\u00f3n en Alicante de ClimaMania al comprar nuestros productos desde nuestra p\u00e1gina web o en tienda f\u00edsica.","og_url":"https:\/\/www.climamania.com\/blog\/instalacion-aire-acondicionado-alicante\/","og_site_name":"El blog de ClimaMania | Expertos en climatizaci\u00f3n","article_publisher":"https:\/\/www.facebook.com\/Climamania","article_modified_time":"2023-05-08T14:26:10+00:00","og_image":[{"width":1200,"height":628,"url":"https:\/\/www.climamania.com\/blog\/wp-content\/uploads\/instalacion-aire-acondicionado-valencia.jpg","type":"image\/jpeg"}],"twitter_card":"summary_large_image","twitter_site":"@ClimaMania","twitter_misc":{"Tiempo de lectura":"3 minutos"},"schema":{"@context":"https:\/\/schema.org","@graph":[{"@type":"WebPage","@id":"https:\/\/www.climamania.com\/blog\/instalacion-aire-acondicionado-alicante\/","url":"https:\/\/www.climamania.com\/blog\/instalacion-aire-acondicionado-alicante\/","name":"Oferta instalaci\u00f3n de aire acondicionado en Alicante | ClimaMania","isPartOf":{"@id":"https:\/\/www.climamania.com\/blog\/#website"},"primaryImageOfPage":{"@id":"https:\/\/www.climamania.com\/blog\/instalacion-aire-acondicionado-alicante\/#primaryimage"},"image":{"@id":"https:\/\/www.climamania.com\/blog\/instalacion-aire-acondicionado-alicante\/#primaryimage"},"thumbnailUrl":"https:\/\/www.climamania.com\/blog\/wp-content\/uploads\/instalacion-aire-acondicionado-valencia.jpg","datePublished":"2023-05-08T14:26:07+00:00","dateModified":"2023-05-08T14:26:10+00:00","description":"Servicio de instalaci\u00f3n en Alicante de ClimaMania al comprar nuestros productos desde nuestra p\u00e1gina web o en tienda f\u00edsica.","breadcrumb":{"@id":"https:\/\/www.climamania.com\/blog\/instalacion-aire-acondicionado-alicante\/#breadcrumb"},"inLanguage":"es","potentialAction":[{"@type":"ReadAction","target":["https:\/\/www.climamania.com\/blog\/instalacion-aire-acondicionado-alicante\/"]}]},{"@type":"ImageObject","inLanguage":"es","@id":"https:\/\/www.climamania.com\/blog\/instalacion-aire-acondicionado-alicante\/#primaryimage","url":"https:\/\/www.climamania.com\/blog\/wp-content\/uploads\/instalacion-aire-acondicionado-valencia.jpg","contentUrl":"https:\/\/www.climamania.com\/blog\/wp-content\/uploads\/instalacion-aire-acondicionado-valencia.jpg","width":1200,"height":628,"caption":"Instalaci\u00f3n aire acondicionado Barcelona"},{"@type":"BreadcrumbList","@id":"https:\/\/www.climamania.com\/blog\/instalacion-aire-acondicionado-alicante\/#breadcrumb","itemListElement":[{"@type":"ListItem","position":1,"name":"Portada","item":"https:\/\/www.climamania.com\/blog\/"},{"@type":"ListItem","position":2,"name":"Instalaci\u00f3n de aire acondicionado en Alicante"}]},{"@type":"WebSite","@id":"https:\/\/www.climamania.com\/blog\/#website","url":"https:\/\/www.climamania.com\/blog\/","name":"El blog de ClimaMania | Expertos en climatizaci\u00f3n","description":"El blog de ClimaMania, mantenemos a todos nuestros usuarios siempre informados sobre las \u00faltimas novedades en aire acondicionado, calefacci\u00f3n y mucho m\u00e1s","publisher":{"@id":"https:\/\/www.climamania.com\/blog\/#organization"},"potentialAction":[{"@type":"SearchAction","target":{"@type":"EntryPoint","urlTemplate":"https:\/\/www.climamania.com\/blog\/?s={search_term_string}"},"query-input":{"@type":"PropertyValueSpecification","valueRequired":true,"valueName":"search_term_string"}}],"inLanguage":"es"},{"@type":"Organization","@id":"https:\/\/www.climamania.com\/blog\/#organization","name":"ClimaMania","url":"https:\/\/www.climamania.com\/blog\/","logo":{"@type":"ImageObject","inLanguage":"es","@id":"https:\/\/www.climamania.com\/blog\/#\/schema\/logo\/image\/","url":"https:\/\/www.climamania.com\/blog\/wp-content\/uploads\/logo-blog-climamania.png","contentUrl":"https:\/\/www.climamania.com\/blog\/wp-content\/uploads\/logo-blog-climamania.png","width":1000,"height":250,"caption":"ClimaMania"},"image":{"@id":"https:\/\/www.climamania.com\/blog\/#\/schema\/logo\/image\/"},"sameAs":["https:\/\/www.facebook.com\/Climamania","https:\/\/x.com\/ClimaMania","https:\/\/www.instagram.com\/climamania\/"]}]}},"_links":{"self":[{"href":"https:\/\/www.climamania.com\/blog\/wp-json\/wp\/v2\/pages\/2615","targetHints":{"allow":["GET"]}}],"collection":[{"href":"https:\/\/www.climamania.com\/blog\/wp-json\/wp\/v2\/pages"}],"about":[{"href":"https:\/\/www.climamania.com\/blog\/wp-json\/wp\/v2\/types\/page"}],"author":[{"embeddable":true,"href":"https:\/\/www.climamania.com\/blog\/wp-json\/wp\/v2\/users\/36"}],"replies":[{"embeddable":true,"href":"https:\/\/www.climamania.com\/blog\/wp-json\/wp\/v2\/comments?post=2615"}],"version-history":[{"count":11,"href":"https:\/\/www.climamania.com\/blog\/wp-json\/wp\/v2\/pages\/2615\/revisions"}],"predecessor-version":[{"id":2649,"href":"https:\/\/www.climamania.com\/blog\/wp-json\/wp\/v2\/pages\/2615\/revisions\/2649"}],"wp:featuredmedia":[{"embeddable":true,"href":"https:\/\/www.climamania.com\/blog\/wp-json\/wp\/v2\/media\/2588"}],"wp:attachment":[{"href":"https:\/\/www.climamania.com\/blog\/wp-json\/wp\/v2\/media?parent=2615"}],"curies":[{"name":"wp","href":"https:\/\/api.w.org\/{rel}","templated":true}]}}