{"id":2604,"date":"2025-09-16T15:54:12","date_gmt":"2025-09-16T13:54:12","guid":{"rendered":"https:\/\/www.climamania.com\/blog\/?page_id=2604"},"modified":"2025-09-17T09:46:20","modified_gmt":"2025-09-17T07:46:20","slug":"instalaciones-de-aire-acondicionado-en-tarragona","status":"publish","type":"page","link":"https:\/\/www.climamania.com\/blog\/instalaciones-de-aire-acondicionado-en-tarragona\/","title":{"rendered":"Instalaciones de aire acondicionado en Tarragona"},"content":{"rendered":"\n<p>Si necesitas una instalaci\u00f3n del aire acondicionado que has comprado en nuestra tienda, te ofrecemos un servicio de instalaci\u00f3n c\u00f3modo, f\u00e1cil y aun precio muy competitivo.<\/p>\n\n\n\n<p>Sin importar el tipo de aire que quieras instalar, realizamos instalaciones en toda Barcelona. Adem\u00e1s realizamos servicios de mantenimiento, pruebas de estanqueidad, desmontaje de tu antiguo aire acondicionado, montaje de bombas de condensados, carga de gas refrigerante, etc.<\/p>\n\n\n\n<p>En ClimaMania instalamos las mejores marcas del mercado ademas de nuestra propia marca ClimaMania: Mitsubishi Electric, Fujitsu, Daikin, Haier, Lg, Panasonic, Samsung, etc. las cuales instalamos a un muy buen precio.<\/p>\n\n\n\n<h2 class=\"wp-block-heading\">Instalador aire acondicionado Tarragona<\/h2>\n\n\n\n<p>Disponemos de instaladores perfectamente cualificados y profesionales para realizar la instalaci\u00f3n que necesites. Somos una empresa habilitada y los instaladores que trabajan con nosotros est\u00e1n certificados para la manipulaci\u00f3n de gases fluorados.<\/p>\n\n\n\n<p>Somos una empresa experimentada desde el 2008 en instalaciones de equipos de aire acondicionado y dispositivos de climatizaci\u00f3n en general<\/p>\n\n\n\n<h2 class=\"wp-block-heading\">Tipos de instalaci\u00f3n y precios<\/h2>\n\n\n\n<p>Te instalamos el aire acondicionado que necesites de nuestra web en cualquier lugar, ya sea en tu hogar, locales comerciales, servicios de hosteler\u00eda incluso oficinas.<\/p>\n\n\n\n<h3 class=\"wp-block-heading\">Equipos dom\u00e9sticos y de oficina<\/h3>\n\n\n\n<ul class=\"wp-block-list\">\n<li><strong>Split 1\u00d71<\/strong>: Montamos todo tipo de Splits de pared 1\u00d71 de todas las marcas desde&nbsp;<strong><mark>420,00\u20ac<\/mark><\/strong>&nbsp;(<a href=\"https:\/\/www.climamania.com\/instalacion-basica-aire-acondicionado-hasta-4000-frigh.html#\/119-instalacion-tarragona\" target=\"_blank\" rel=\"noreferrer noopener\">Ver<\/a>).<\/li>\n\n\n\n<li><strong>Multisplit 2\u00d71<\/strong>: Instalamos equipos 2\u00d71 de aire acondicionado desde&nbsp;<strong><mark>630,00\u20ac<\/mark>&nbsp;<\/strong>(<a href=\"https:\/\/www.climamania.com\/instalacion-basica-aire-acondicionado-2x1-multisplit.html#\/119-instalacion-tarragona\" target=\"_blank\" rel=\"noreferrer noopener\">Ver<\/a>).<\/li>\n\n\n\n<li><strong>Multisplit 3\u00d71<\/strong>: Instalamos equipos 3\u00d71 de aire acondicionado desde&nbsp;<strong><mark>810,00\u20ac<\/mark><\/strong>&nbsp;(<a href=\"https:\/\/www.climamania.com\/instalacion-basica-aire-acondicionado-3x1-multisplit.html#\/119-instalacion-tarragona\" target=\"_blank\" rel=\"noreferrer noopener\">Ver<\/a>).<\/li>\n\n\n\n<li><strong>Multisplit 4\u00d71<\/strong>: Instalamos equipos 4\u00d71 de aire acondicionado desde&nbsp;<strong><mark>960,00\u20ac<\/mark><\/strong>&nbsp;(<a href=\"https:\/\/www.climamania.com\/instalacion-basica-aire-acondicionado-4x1-multisplit.html#\/119-instalacion-tarragona\" target=\"_blank\" rel=\"noreferrer noopener\">Ver<\/a>).<\/li>\n<\/ul>\n\n\n\n<h3 class=\"wp-block-heading\">Equipos comerciales, locales, oficinas y de servicios<\/h3>\n\n\n\n<ul class=\"wp-block-list\">\n<li><strong>Equipos comerciales hasta 3500&nbsp;<a href=\"https:\/\/www.climamania.com\/blog\/frigorias-y-calorias\/\">frigor\u00edas<\/a><\/strong>: Instalaci\u00f3n de Conductos, Cassettes o Suelo-Techo desde&nbsp;<strong><mark>705,00\u20ac<\/mark><\/strong>&nbsp;(<a href=\"https:\/\/www.climamania.com\/instalacion-basica-aire-acondicionado-comercial-hasta-3500-frigh.html#\/119-instalacion-tarragona\" target=\"_blank\" rel=\"noreferrer noopener\">Ver<\/a>).<\/li>\n\n\n\n<li><strong>Equipos comerciales hasta 6000 <a href=\"https:\/\/www.climamania.com\/blog\/frigorias-y-calorias\/\">frigor\u00edas<\/a><\/strong>: Instalaci\u00f3n de Conductos, Cassettes o Suelo-Techo desde&nbsp;<strong><mark>735,00\u20ac<\/mark><\/strong>&nbsp;(<a href=\"https:\/\/www.climamania.com\/instalacion-basica-aire-acondicionado-comercial-hasta-6000-frigh.html#\/119-instalacion-tarragona\" target=\"_blank\" rel=\"noreferrer noopener\">Ver<\/a>).<\/li>\n\n\n\n<li><strong>Equipos comerciales hasta 9000 frigor\u00edas<\/strong>: Instalaci\u00f3n de Conductos, Cassettes o Suelo-Techo desde&nbsp;<strong><mark>805,00\u20ac<\/mark><\/strong>&nbsp;(<a href=\"https:\/\/www.climamania.com\/instalacion-basica-aire-acondicionado-comercial-hasta-9000-frigh.html#\/119-instalacion-tarragona\" target=\"_blank\" rel=\"noreferrer noopener\">Ver<\/a>).<\/li>\n\n\n\n<li><strong>Equipos comerciales hasta 12000 frigor\u00edas<\/strong>: Instalaci\u00f3n de Conductos, Cassettes o Suelo-Techo desde&nbsp;<strong><mark>900,00\u20ac<\/mark><\/strong>&nbsp;(<a href=\"https:\/\/www.climamania.com\/instalacion-basica-aire-acondicionado-comercial-hasta-12000-frigh.html#\/119-instalacion-tarragona\" target=\"_blank\" rel=\"noreferrer noopener\">Ver<\/a>).<\/li>\n<\/ul>\n\n\n\n<h3 class=\"wp-block-heading\">Otros servicios de instalaci\u00f3n de aire acondicionado<\/h3>\n\n\n\n<ul class=\"wp-block-list\">\n<li>Prueba de estanqueidad o limpieza con nitr\u00f3geno.<\/li>\n\n\n\n<li>Carga refrigerante R-32 para aire acondicionado.<\/li>\n\n\n\n<li>Instalaci\u00f3n de termostato.<\/li>\n\n\n\n<li>Colocaci\u00f3n de disipador o bomba de condensados.<\/li>\n\n\n\n<li>Desmontaje aire acondicionado dom\u00e9stico o comercial.<\/li>\n<\/ul>\n\n\n\n<p>Todos estos servicios y extras los ofrecemos y realizamos en toda la provincia de Tarragona. Puedes ver m\u00e1s servicios aqu\u00ed:&nbsp;<a href=\"https:\/\/www.climamania.com\/instalaciones\/instalacion-de-aire-acondicionado\/\" target=\"_blank\" rel=\"noreferrer noopener\">Instalaciones aire acondicionado<\/a>.<\/p>\n\n\n\n<h2 class=\"wp-block-heading\">Certificaci\u00f3n en las instalaciones<\/h2>\n\n\n\n<p><strong>Las instalaciones de ClimaMania estan certificiadas <\/strong>por nuestros instaladores, garantiza que recibes el documento B del BOE firmado y rellenado por los instaladores que vayan a realizar la instalaci\u00f3n de tu dispositivo.<\/p>\n\n\n\n<p>Los instaladores certificados como los de ClimaMania tienen la obligaci\u00f3n de rellenarte y firmarte el documento B del BOE y luego enviarlo a la empresa donde adquiriste tu aire acondicionado, en este caso, ClimaMania, de lo contrario puedes ser sancionado.<\/p>\n\n\n\n<h2 class=\"wp-block-heading\">Contrata instalaciones con ClimaMania<\/h2>\n\n\n\n<p>Para contratar nuestro servicio de instalaciones puedes hacerlo en el apartado de instalaciones o en la misma pagina del producto de nuestra web&nbsp;<a href=\"https:\/\/www.climamania.com\/\" target=\"_blank\" rel=\"noreferrer noopener\">www.climamania.com<\/a>.<\/p>\n\n\n\n<p>O puedes hacerlo llamando al tel\u00e9fono <a href=\"tel:93 328 24 21\" target=\"_blank\" rel=\"noreferrer noopener\">93 328 24 21<\/a> o mand\u00e1ndonos un WhatsApp al 608 33 10 50 hablando con uno de nuestros comerciales en Valencia.<\/p>\n\n\n\n<h2 class=\"wp-block-heading\">Conclusiones<\/h2>\n\n\n\n<p>Si quieres instalar tu aire acondicionado con ClimaMania, no te olvides de mirar nuestros servicios de&nbsp;<a href=\"https:\/\/www.climamania.com\/instalaciones\/instalacion-de-aire-acondicionado\/\" target=\"_blank\" rel=\"noreferrer noopener\">instalaci\u00f3n de aire acondicionado<\/a>.<\/p>\n","protected":false},"excerpt":{"rendered":"<p>Si necesitas una instalaci\u00f3n del aire acondicionado que has comprado en nuestra tienda, te ofrecemos un servicio de instalaci\u00f3n c\u00f3modo, f\u00e1cil y aun precio muy competitivo. Sin importar el tipo &#8230; <a title=\"Instalaciones de aire acondicionado en Tarragona\" class=\"read-more\" href=\"https:\/\/www.climamania.com\/blog\/instalaciones-de-aire-acondicionado-en-tarragona\/\" aria-label=\"Leer m\u00e1s sobre Instalaciones de aire acondicionado en Tarragona\">Leer m\u00e1s<\/a><\/p>\n","protected":false},"author":36,"featured_media":6180,"parent":0,"menu_order":0,"comment_status":"closed","ping_status":"closed","template":"","meta":{"_lmt_disableupdate":"","_lmt_disable":"","footnotes":""},"class_list":["post-2604","page","type-page","status-publish","has-post-thumbnail"],"yoast_head":"<!-- This site is optimized with the Yoast SEO plugin v27.1.1 - https:\/\/yoast.com\/product\/yoast-seo-wordpress\/ -->\n<title>Instalaci\u00f3n de aire acondicionado Tarragona<\/title>\n<meta name=\"description\" content=\"Servicio de instalaci\u00f3n de aire acondicionado en Tarragona desde 420\u20ac. Tu instalaci\u00f3n en manos de profesionales certificados y con garant\u00eda.\" \/>\n<meta name=\"robots\" content=\"index, follow, max-snippet:-1, max-image-preview:large, max-video-preview:-1\" \/>\n<link rel=\"canonical\" href=\"https:\/\/www.climamania.com\/blog\/instalaciones-de-aire-acondicionado-en-tarragona\/\" \/>\n<meta property=\"og:locale\" content=\"es_ES\" \/>\n<meta property=\"og:type\" content=\"article\" \/>\n<meta property=\"og:title\" content=\"Instalaci\u00f3n de aire acondicionado Tarragona\" \/>\n<meta property=\"og:description\" content=\"Servicio de instalaci\u00f3n de aire acondicionado en Tarragona desde 420\u20ac. Tu instalaci\u00f3n en manos de profesionales certificados y con garant\u00eda.\" \/>\n<meta property=\"og:url\" content=\"https:\/\/www.climamania.com\/blog\/instalaciones-de-aire-acondicionado-en-tarragona\/\" \/>\n<meta property=\"og:site_name\" content=\"El blog de ClimaMania | Expertos en climatizaci\u00f3n\" \/>\n<meta property=\"article:publisher\" content=\"https:\/\/www.facebook.com\/Climamania\" \/>\n<meta property=\"article:modified_time\" content=\"2025-09-17T07:46:20+00:00\" \/>\n<meta property=\"og:image\" content=\"https:\/\/www.climamania.com\/blog\/wp-content\/uploads\/instalacion-aire-acondicionado-valencia-1.jpg\" \/>\n\t<meta property=\"og:image:width\" content=\"1200\" \/>\n\t<meta property=\"og:image:height\" content=\"628\" \/>\n\t<meta property=\"og:image:type\" content=\"image\/jpeg\" \/>\n<meta name=\"twitter:card\" content=\"summary_large_image\" \/>\n<meta name=\"twitter:site\" content=\"@ClimaMania\" \/>\n<meta name=\"twitter:label1\" content=\"Tiempo de lectura\" \/>\n\t<meta name=\"twitter:data1\" content=\"3 minutos\" \/>\n<script type=\"application\/ld+json\" class=\"yoast-schema-graph\">{\"@context\":\"https:\/\/schema.org\",\"@graph\":[{\"@type\":\"WebPage\",\"@id\":\"https:\/\/www.climamania.com\/blog\/instalaciones-de-aire-acondicionado-en-tarragona\/\",\"url\":\"https:\/\/www.climamania.com\/blog\/instalaciones-de-aire-acondicionado-en-tarragona\/\",\"name\":\"Instalaci\u00f3n de aire acondicionado Tarragona\",\"isPartOf\":{\"@id\":\"https:\/\/www.climamania.com\/blog\/#website\"},\"primaryImageOfPage\":{\"@id\":\"https:\/\/www.climamania.com\/blog\/instalaciones-de-aire-acondicionado-en-tarragona\/#primaryimage\"},\"image\":{\"@id\":\"https:\/\/www.climamania.com\/blog\/instalaciones-de-aire-acondicionado-en-tarragona\/#primaryimage\"},\"thumbnailUrl\":\"https:\/\/www.climamania.com\/blog\/wp-content\/uploads\/instalacion-aire-acondicionado-valencia-1.jpg\",\"datePublished\":\"2025-09-16T13:54:12+00:00\",\"dateModified\":\"2025-09-17T07:46:20+00:00\",\"description\":\"Servicio de instalaci\u00f3n de aire acondicionado en Tarragona desde 420\u20ac. Tu instalaci\u00f3n en manos de profesionales certificados y con garant\u00eda.\",\"breadcrumb\":{\"@id\":\"https:\/\/www.climamania.com\/blog\/instalaciones-de-aire-acondicionado-en-tarragona\/#breadcrumb\"},\"inLanguage\":\"es\",\"potentialAction\":[{\"@type\":\"ReadAction\",\"target\":[\"https:\/\/www.climamania.com\/blog\/instalaciones-de-aire-acondicionado-en-tarragona\/\"]}]},{\"@type\":\"ImageObject\",\"inLanguage\":\"es\",\"@id\":\"https:\/\/www.climamania.com\/blog\/instalaciones-de-aire-acondicionado-en-tarragona\/#primaryimage\",\"url\":\"https:\/\/www.climamania.com\/blog\/wp-content\/uploads\/instalacion-aire-acondicionado-valencia-1.jpg\",\"contentUrl\":\"https:\/\/www.climamania.com\/blog\/wp-content\/uploads\/instalacion-aire-acondicionado-valencia-1.jpg\",\"width\":1200,\"height\":628,\"caption\":\"Instalaci\u00f3n calderas de gas\"},{\"@type\":\"BreadcrumbList\",\"@id\":\"https:\/\/www.climamania.com\/blog\/instalaciones-de-aire-acondicionado-en-tarragona\/#breadcrumb\",\"itemListElement\":[{\"@type\":\"ListItem\",\"position\":1,\"name\":\"Portada\",\"item\":\"https:\/\/www.climamania.com\/blog\/\"},{\"@type\":\"ListItem\",\"position\":2,\"name\":\"Instalaciones de aire acondicionado en Tarragona\"}]},{\"@type\":\"WebSite\",\"@id\":\"https:\/\/www.climamania.com\/blog\/#website\",\"url\":\"https:\/\/www.climamania.com\/blog\/\",\"name\":\"El blog de ClimaMania | Expertos en climatizaci\u00f3n\",\"description\":\"El blog de ClimaMania, mantenemos a todos nuestros usuarios siempre informados sobre las \u00faltimas novedades en aire acondicionado, calefacci\u00f3n y mucho m\u00e1s\",\"publisher\":{\"@id\":\"https:\/\/www.climamania.com\/blog\/#organization\"},\"potentialAction\":[{\"@type\":\"SearchAction\",\"target\":{\"@type\":\"EntryPoint\",\"urlTemplate\":\"https:\/\/www.climamania.com\/blog\/?s={search_term_string}\"},\"query-input\":{\"@type\":\"PropertyValueSpecification\",\"valueRequired\":true,\"valueName\":\"search_term_string\"}}],\"inLanguage\":\"es\"},{\"@type\":\"Organization\",\"@id\":\"https:\/\/www.climamania.com\/blog\/#organization\",\"name\":\"ClimaMania\",\"url\":\"https:\/\/www.climamania.com\/blog\/\",\"logo\":{\"@type\":\"ImageObject\",\"inLanguage\":\"es\",\"@id\":\"https:\/\/www.climamania.com\/blog\/#\/schema\/logo\/image\/\",\"url\":\"https:\/\/www.climamania.com\/blog\/wp-content\/uploads\/logo-blog-climamania.png\",\"contentUrl\":\"https:\/\/www.climamania.com\/blog\/wp-content\/uploads\/logo-blog-climamania.png\",\"width\":1000,\"height\":250,\"caption\":\"ClimaMania\"},\"image\":{\"@id\":\"https:\/\/www.climamania.com\/blog\/#\/schema\/logo\/image\/\"},\"sameAs\":[\"https:\/\/www.facebook.com\/Climamania\",\"https:\/\/x.com\/ClimaMania\",\"https:\/\/www.instagram.com\/climamania\/\"]}]}<\/script>\n<!-- \/ Yoast SEO plugin. -->","yoast_head_json":{"title":"Instalaci\u00f3n de aire acondicionado Tarragona","description":"Servicio de instalaci\u00f3n de aire acondicionado en Tarragona desde 420\u20ac. Tu instalaci\u00f3n en manos de profesionales certificados y con garant\u00eda.","robots":{"index":"index","follow":"follow","max-snippet":"max-snippet:-1","max-image-preview":"max-image-preview:large","max-video-preview":"max-video-preview:-1"},"canonical":"https:\/\/www.climamania.com\/blog\/instalaciones-de-aire-acondicionado-en-tarragona\/","og_locale":"es_ES","og_type":"article","og_title":"Instalaci\u00f3n de aire acondicionado Tarragona","og_description":"Servicio de instalaci\u00f3n de aire acondicionado en Tarragona desde 420\u20ac. Tu instalaci\u00f3n en manos de profesionales certificados y con garant\u00eda.","og_url":"https:\/\/www.climamania.com\/blog\/instalaciones-de-aire-acondicionado-en-tarragona\/","og_site_name":"El blog de ClimaMania | Expertos en climatizaci\u00f3n","article_publisher":"https:\/\/www.facebook.com\/Climamania","article_modified_time":"2025-09-17T07:46:20+00:00","og_image":[{"width":1200,"height":628,"url":"https:\/\/www.climamania.com\/blog\/wp-content\/uploads\/instalacion-aire-acondicionado-valencia-1.jpg","type":"image\/jpeg"}],"twitter_card":"summary_large_image","twitter_site":"@ClimaMania","twitter_misc":{"Tiempo de lectura":"3 minutos"},"schema":{"@context":"https:\/\/schema.org","@graph":[{"@type":"WebPage","@id":"https:\/\/www.climamania.com\/blog\/instalaciones-de-aire-acondicionado-en-tarragona\/","url":"https:\/\/www.climamania.com\/blog\/instalaciones-de-aire-acondicionado-en-tarragona\/","name":"Instalaci\u00f3n de aire acondicionado Tarragona","isPartOf":{"@id":"https:\/\/www.climamania.com\/blog\/#website"},"primaryImageOfPage":{"@id":"https:\/\/www.climamania.com\/blog\/instalaciones-de-aire-acondicionado-en-tarragona\/#primaryimage"},"image":{"@id":"https:\/\/www.climamania.com\/blog\/instalaciones-de-aire-acondicionado-en-tarragona\/#primaryimage"},"thumbnailUrl":"https:\/\/www.climamania.com\/blog\/wp-content\/uploads\/instalacion-aire-acondicionado-valencia-1.jpg","datePublished":"2025-09-16T13:54:12+00:00","dateModified":"2025-09-17T07:46:20+00:00","description":"Servicio de instalaci\u00f3n de aire acondicionado en Tarragona desde 420\u20ac. Tu instalaci\u00f3n en manos de profesionales certificados y con garant\u00eda.","breadcrumb":{"@id":"https:\/\/www.climamania.com\/blog\/instalaciones-de-aire-acondicionado-en-tarragona\/#breadcrumb"},"inLanguage":"es","potentialAction":[{"@type":"ReadAction","target":["https:\/\/www.climamania.com\/blog\/instalaciones-de-aire-acondicionado-en-tarragona\/"]}]},{"@type":"ImageObject","inLanguage":"es","@id":"https:\/\/www.climamania.com\/blog\/instalaciones-de-aire-acondicionado-en-tarragona\/#primaryimage","url":"https:\/\/www.climamania.com\/blog\/wp-content\/uploads\/instalacion-aire-acondicionado-valencia-1.jpg","contentUrl":"https:\/\/www.climamania.com\/blog\/wp-content\/uploads\/instalacion-aire-acondicionado-valencia-1.jpg","width":1200,"height":628,"caption":"Instalaci\u00f3n calderas de gas"},{"@type":"BreadcrumbList","@id":"https:\/\/www.climamania.com\/blog\/instalaciones-de-aire-acondicionado-en-tarragona\/#breadcrumb","itemListElement":[{"@type":"ListItem","position":1,"name":"Portada","item":"https:\/\/www.climamania.com\/blog\/"},{"@type":"ListItem","position":2,"name":"Instalaciones de aire acondicionado en Tarragona"}]},{"@type":"WebSite","@id":"https:\/\/www.climamania.com\/blog\/#website","url":"https:\/\/www.climamania.com\/blog\/","name":"El blog de ClimaMania | Expertos en climatizaci\u00f3n","description":"El blog de ClimaMania, mantenemos a todos nuestros usuarios siempre informados sobre las \u00faltimas novedades en aire acondicionado, calefacci\u00f3n y mucho m\u00e1s","publisher":{"@id":"https:\/\/www.climamania.com\/blog\/#organization"},"potentialAction":[{"@type":"SearchAction","target":{"@type":"EntryPoint","urlTemplate":"https:\/\/www.climamania.com\/blog\/?s={search_term_string}"},"query-input":{"@type":"PropertyValueSpecification","valueRequired":true,"valueName":"search_term_string"}}],"inLanguage":"es"},{"@type":"Organization","@id":"https:\/\/www.climamania.com\/blog\/#organization","name":"ClimaMania","url":"https:\/\/www.climamania.com\/blog\/","logo":{"@type":"ImageObject","inLanguage":"es","@id":"https:\/\/www.climamania.com\/blog\/#\/schema\/logo\/image\/","url":"https:\/\/www.climamania.com\/blog\/wp-content\/uploads\/logo-blog-climamania.png","contentUrl":"https:\/\/www.climamania.com\/blog\/wp-content\/uploads\/logo-blog-climamania.png","width":1000,"height":250,"caption":"ClimaMania"},"image":{"@id":"https:\/\/www.climamania.com\/blog\/#\/schema\/logo\/image\/"},"sameAs":["https:\/\/www.facebook.com\/Climamania","https:\/\/x.com\/ClimaMania","https:\/\/www.instagram.com\/climamania\/"]}]}},"_links":{"self":[{"href":"https:\/\/www.climamania.com\/blog\/wp-json\/wp\/v2\/pages\/2604","targetHints":{"allow":["GET"]}}],"collection":[{"href":"https:\/\/www.climamania.com\/blog\/wp-json\/wp\/v2\/pages"}],"about":[{"href":"https:\/\/www.climamania.com\/blog\/wp-json\/wp\/v2\/types\/page"}],"author":[{"embeddable":true,"href":"https:\/\/www.climamania.com\/blog\/wp-json\/wp\/v2\/users\/36"}],"replies":[{"embeddable":true,"href":"https:\/\/www.climamania.com\/blog\/wp-json\/wp\/v2\/comments?post=2604"}],"version-history":[{"count":9,"href":"https:\/\/www.climamania.com\/blog\/wp-json\/wp\/v2\/pages\/2604\/revisions"}],"predecessor-version":[{"id":6178,"href":"https:\/\/www.climamania.com\/blog\/wp-json\/wp\/v2\/pages\/2604\/revisions\/6178"}],"wp:featuredmedia":[{"embeddable":true,"href":"https:\/\/www.climamania.com\/blog\/wp-json\/wp\/v2\/media\/6180"}],"wp:attachment":[{"href":"https:\/\/www.climamania.com\/blog\/wp-json\/wp\/v2\/media?parent=2604"}],"curies":[{"name":"wp","href":"https:\/\/api.w.org\/{rel}","templated":true}]}}