{"id":2597,"date":"2023-05-17T09:10:49","date_gmt":"2023-05-17T07:10:49","guid":{"rendered":"https:\/\/www.climamania.com\/blog\/?page_id=2597"},"modified":"2026-03-25T09:05:08","modified_gmt":"2026-03-25T08:05:08","slug":"instalacion-aire-acondicionado-barcelona","status":"publish","type":"page","link":"https:\/\/www.climamania.com\/blog\/instalacion-aire-acondicionado-barcelona\/","title":{"rendered":"Instalaci\u00f3n aire acondicionado en Barcelona"},"content":{"rendered":"\n<p>En ClimaMania ofrecemos un servicio de instalaci\u00f3n de aire acondicionado a un precio muy competitivo y f\u00e1cil para ti.<\/p>\n\n\n\n<p><strong>Realizamos instalaciones en Barcelona de todo tipo de aire acondicionado y sistemas de climatizaci\u00f3n.<\/strong> Tambi\u00e9n realizamos servicios de mantenimiento, pruebas de estanqueidad, desmontaje de tu antiguo aire acondicionado, montaje de bombas de condensados, carga de gas refrigerante, etc.<\/p>\n\n\n\n<p>Disponemos e instalamos las mejores marcas del mercado de aire acondicionado y adem\u00e1s nuestra propia marca ClimaMania: Mitsubishi Electric, Fujitsu, Daikin, Haier, Lg, Panasonic, Samsung, etc.<\/p>\n\n\n\n<h2 class=\"wp-block-heading\">Instalador aire acondicionado en Barcelona<\/h2>\n\n\n\n<p>Disponemos de instaladores profesionales y cualificados para realizar la instalaci\u00f3n que necesites. Los instaladores que trabajan para nosotros est\u00e1n perfectamente cualificados y certificados para la manipulaci\u00f3n de gases fluorados.<\/p>\n\n\n\n<p>Tenemos experiencia en este sector desde 2008 que nos avala en la instalaci\u00f3n de aires acondicionados y equipos de climatizaci\u00f3n.<\/p>\n\n\n\n<h2 class=\"wp-block-heading\">Tipos de instalaci\u00f3n y precios<\/h2>\n\n\n\n<p>Instalamos cualquier aire acondicionado que este en nuestra web(climamania.com), en hogares, locales comerciales, servicios de hosteler\u00eda y oficinas.<\/p>\n\n\n\n<h3 class=\"wp-block-heading\">Equipos dom\u00e9sticos y de oficina<\/h3>\n\n\n\n<ul class=\"wp-block-list\">\n<li><strong>Split 1\u00d71<\/strong>: Montamos todo tipo de Splits de pared 1\u00d71 de todas las marcas desde&nbsp;<strong><mark>345,00\u20ac<\/mark><\/strong>&nbsp;(<a href=\"https:\/\/www.climamania.com\/instalacion-basica-aire-acondicionado-hasta-4000-frigh.html#\/85-instalacion-barcelona\" target=\"_blank\" rel=\"noreferrer noopener\">Ver<\/a>).<\/li>\n\n\n\n<li><strong>Multisplit 2\u00d71<\/strong>: Instalamos equipos 2\u00d71 de aire acondicionado desde&nbsp;<strong><mark>625,00\u20ac<\/mark>&nbsp;<\/strong>(<a href=\"https:\/\/www.climamania.com\/instalacion-basica-aire-acondicionado-2x1-multisplit.html#\/85-instalacion-barcelona\" target=\"_blank\" rel=\"noreferrer noopener\">Ver<\/a>).<\/li>\n\n\n\n<li><strong>Multisplit 3\u00d71<\/strong>: Instalamos equipos 3\u00d71 de aire acondicionado desde&nbsp;<strong><mark>825,00\u20ac<\/mark><\/strong>&nbsp;(<a href=\"https:\/\/www.climamania.com\/instalacion-basica-aire-acondicionado-3x1-multisplit.html#\/85-instalacion-barcelona\" target=\"_blank\" rel=\"noreferrer noopener\">Ver<\/a>).<\/li>\n\n\n\n<li><strong>Multisplit 4\u00d71<\/strong>: Instalamos equipos 4\u00d71 de aire acondicionado desde&nbsp;<strong><mark>880,00\u20ac<\/mark><\/strong>&nbsp;(<a href=\"https:\/\/www.climamania.com\/instalacion-basica-aire-acondicionado-4x1-multisplit.html#\/85-instalacion-barcelona\" target=\"_blank\" rel=\"noreferrer noopener\">Ver<\/a>).<\/li>\n<\/ul>\n\n\n\n<h3 class=\"wp-block-heading\">Equipos comerciales, locales, oficinas y de servicios<\/h3>\n\n\n\n<ul class=\"wp-block-list\">\n<li><strong>Equipos comerciales hasta 3500&nbsp;<a href=\"https:\/\/www.climamania.com\/blog\/frigorias-y-calorias\/\">frigor\u00edas<\/a><\/strong>: Instalaci\u00f3n de Conductos, Cassettes o Suelo-Techo desde&nbsp;<strong><mark>625,00\u20ac<\/mark><\/strong>&nbsp;(<a href=\"https:\/\/www.climamania.com\/instalacion-basica-aire-acondicionado-comercial-hasta-3500-frigh.html#\/85-instalacion-barcelona\" target=\"_blank\" rel=\"noreferrer noopener\">Ver<\/a>).<\/li>\n\n\n\n<li><strong>Equipos comerciales hasta 6000 <a href=\"https:\/\/www.climamania.com\/blog\/frigorias-y-calorias\/\">frigor\u00edas<\/a><\/strong>: Instalaci\u00f3n de Conductos, Cassettes o Suelo-Techo desde&nbsp;<strong><mark>655,00\u20ac<\/mark><\/strong>&nbsp;(<a href=\"https:\/\/www.climamania.com\/instalacion-basica-aire-acondicionado-comercial-hasta-6000-frigh.html#\/85-instalacion-barcelona\" target=\"_blank\" rel=\"noreferrer noopener\">Ver<\/a>).<\/li>\n\n\n\n<li><strong>Equipos comerciales hasta 9000 frigor\u00edas<\/strong>: Instalaci\u00f3n de Conductos, Cassettes o Suelo-Techo desde&nbsp;<strong><mark>725,00\u20ac<\/mark><\/strong>&nbsp;(<a href=\"https:\/\/www.climamania.com\/instalacion-basica-aire-acondicionado-comercial-hasta-9000-frigh.html#\/85-instalacion-barcelona\" target=\"_blank\" rel=\"noreferrer noopener\">Ver<\/a>).<\/li>\n\n\n\n<li><strong>Equipos comerciales hasta 12000 frigor\u00edas<\/strong>: Instalaci\u00f3n de Conductos, Cassettes o Suelo-Techo desde&nbsp;<strong><mark>820,00\u20ac<\/mark><\/strong>&nbsp;(<a href=\"https:\/\/www.climamania.com\/instalacion-basica-aire-acondicionado-comercial-hasta-12000-frigh.html#\/85-instalacion-barcelona\" target=\"_blank\" rel=\"noreferrer noopener\">Ver<\/a>).<\/li>\n<\/ul>\n\n\n\n<h3 class=\"wp-block-heading\">Otros servicios de instalaci\u00f3n de aire acondicionado<\/h3>\n\n\n\n<ul class=\"wp-block-list\">\n<li>Prueba de estanqueidad o limpieza con nitr\u00f3geno.<\/li>\n\n\n\n<li>Carga refrigerante R-32 para aire acondicionado.<\/li>\n\n\n\n<li>Instalaci\u00f3n de termostato.<\/li>\n\n\n\n<li>Colocaci\u00f3n de disipador o bomba de condensados.<\/li>\n\n\n\n<li>Desmontaje aire acondicionado dom\u00e9stico o comercial.<\/li>\n<\/ul>\n\n\n\n<p>Todos estos servicios y extras los ofrecemos y realizamos en toda Barcelona. Ofrecemos m\u00e1s servicios de instalaci\u00f3n que puedes ver aqu\u00ed:&nbsp;<a href=\"https:\/\/www.climamania.com\/instalaciones\/instalacion-de-aire-acondicionado\/\" target=\"_blank\" rel=\"noreferrer noopener\">Instalaciones aire acondicionado<\/a>.<\/p>\n\n\n\n<h2 class=\"wp-block-heading\">Certificaci\u00f3n en las instalaciones<\/h2>\n\n\n\n<p><strong>Las instalaciones de aire acondicionado en ClimaMania estan certificadas por instaladores cualificados y profesionales, <\/strong>y algo importante que tienes que tener en cuenta es recibir el documento B del BOE firmado por los instaladores que realicen tu instalaci\u00f3n.<\/p>\n\n\n\n<p>Para un instalador cualificado y certificado es obligatorio que rellene el documento B del BOE para equipos que usen gases fluorados y despu\u00e9s enviarlo a la tienda donde compraste tu aire, en este caso, ClimaMania, ya que sino puedes ser sancionado.<\/p>\n\n\n\n<h2 class=\"wp-block-heading\">Contrata nuestras instalaciones<\/h2>\n\n\n\n<p>Para contratar el servicio de instalaciones lo puedes hacer desde la categor\u00eda de instalaciones o en la p\u00e1gina de producto de nuestra p\u00e1gina web&nbsp;<a href=\"https:\/\/www.climamania.com\/\" target=\"_blank\" rel=\"noreferrer noopener\">www.climamania.com<\/a>.<\/p>\n\n\n\n<p>O puedes llamar al tel\u00e9fono <a href=\"tel:93 328 24 21\" target=\"_blank\" rel=\"noreferrer noopener\">93 328 24 21<\/a> o mand\u00e1ndonos un WhatsApp al 608 33 10 50 hablando con uno de nuestros comerciales en Barcelona.<\/p>\n\n\n\n<h2 class=\"wp-block-heading\">Conclusi\u00f3n<\/h2>\n\n\n\n<p>Si vas a instalar tu aire acondicionado con ClimaMania recuerda mirar nuestros <a href=\"https:\/\/www.climamania.com\/instalaciones\/instalacion-de-aire-acondicionado\/\">servicios de instalaci\u00f3n<\/a>.<\/p>\n","protected":false},"excerpt":{"rendered":"<p>En ClimaMania ofrecemos un servicio de instalaci\u00f3n de aire acondicionado a un precio muy competitivo y f\u00e1cil para ti. Realizamos instalaciones en Barcelona de todo tipo de aire acondicionado y &#8230; <a title=\"Instalaci\u00f3n aire acondicionado en Barcelona\" class=\"read-more\" href=\"https:\/\/www.climamania.com\/blog\/instalacion-aire-acondicionado-barcelona\/\" aria-label=\"Leer m\u00e1s sobre Instalaci\u00f3n aire acondicionado en Barcelona\">Leer m\u00e1s<\/a><\/p>\n","protected":false},"author":36,"featured_media":2588,"parent":0,"menu_order":0,"comment_status":"closed","ping_status":"closed","template":"","meta":{"_lmt_disableupdate":"","_lmt_disable":"","footnotes":""},"class_list":["post-2597","page","type-page","status-publish","has-post-thumbnail"],"yoast_head":"<!-- This site is optimized with the Yoast SEO plugin v27.1.1 - https:\/\/yoast.com\/product\/yoast-seo-wordpress\/ -->\n<title>Instalaci\u00f3n aire acondicionado en Barcelona | ClimaMania<\/title>\n<meta name=\"description\" content=\"\u00bfBuscas una empresa instaladora de aire acondicionado en Barcelona? ClimaMania ofrece servicio de instalaci\u00f3n en la provincia de Barcelona\" \/>\n<meta name=\"robots\" content=\"index, follow, max-snippet:-1, max-image-preview:large, max-video-preview:-1\" \/>\n<link rel=\"canonical\" href=\"https:\/\/www.climamania.com\/blog\/instalacion-aire-acondicionado-barcelona\/\" \/>\n<meta property=\"og:locale\" content=\"es_ES\" \/>\n<meta property=\"og:type\" content=\"article\" \/>\n<meta property=\"og:title\" content=\"Instalaci\u00f3n aire acondicionado en Barcelona | ClimaMania\" \/>\n<meta property=\"og:description\" content=\"\u00bfBuscas una empresa instaladora de aire acondicionado en Barcelona? ClimaMania ofrece servicio de instalaci\u00f3n en la provincia de Barcelona\" \/>\n<meta property=\"og:url\" content=\"https:\/\/www.climamania.com\/blog\/instalacion-aire-acondicionado-barcelona\/\" \/>\n<meta property=\"og:site_name\" content=\"El blog de ClimaMania | Expertos en climatizaci\u00f3n\" \/>\n<meta property=\"article:publisher\" content=\"https:\/\/www.facebook.com\/Climamania\" \/>\n<meta property=\"article:modified_time\" content=\"2026-03-25T08:05:08+00:00\" \/>\n<meta property=\"og:image\" content=\"https:\/\/www.climamania.com\/blog\/wp-content\/uploads\/instalacion-aire-acondicionado-valencia.jpg\" \/>\n\t<meta property=\"og:image:width\" content=\"1200\" \/>\n\t<meta property=\"og:image:height\" content=\"628\" \/>\n\t<meta property=\"og:image:type\" content=\"image\/jpeg\" \/>\n<meta name=\"twitter:card\" content=\"summary_large_image\" \/>\n<meta name=\"twitter:site\" content=\"@ClimaMania\" \/>\n<meta name=\"twitter:label1\" content=\"Tiempo de lectura\" \/>\n\t<meta name=\"twitter:data1\" content=\"3 minutos\" \/>\n<script type=\"application\/ld+json\" class=\"yoast-schema-graph\">{\"@context\":\"https:\/\/schema.org\",\"@graph\":[{\"@type\":\"WebPage\",\"@id\":\"https:\/\/www.climamania.com\/blog\/instalacion-aire-acondicionado-barcelona\/\",\"url\":\"https:\/\/www.climamania.com\/blog\/instalacion-aire-acondicionado-barcelona\/\",\"name\":\"Instalaci\u00f3n aire acondicionado en Barcelona | ClimaMania\",\"isPartOf\":{\"@id\":\"https:\/\/www.climamania.com\/blog\/#website\"},\"primaryImageOfPage\":{\"@id\":\"https:\/\/www.climamania.com\/blog\/instalacion-aire-acondicionado-barcelona\/#primaryimage\"},\"image\":{\"@id\":\"https:\/\/www.climamania.com\/blog\/instalacion-aire-acondicionado-barcelona\/#primaryimage\"},\"thumbnailUrl\":\"https:\/\/www.climamania.com\/blog\/wp-content\/uploads\/instalacion-aire-acondicionado-valencia.jpg\",\"datePublished\":\"2023-05-17T07:10:49+00:00\",\"dateModified\":\"2026-03-25T08:05:08+00:00\",\"description\":\"\u00bfBuscas una empresa instaladora de aire acondicionado en Barcelona? ClimaMania ofrece servicio de instalaci\u00f3n en la provincia de Barcelona\",\"breadcrumb\":{\"@id\":\"https:\/\/www.climamania.com\/blog\/instalacion-aire-acondicionado-barcelona\/#breadcrumb\"},\"inLanguage\":\"es\",\"potentialAction\":[{\"@type\":\"ReadAction\",\"target\":[\"https:\/\/www.climamania.com\/blog\/instalacion-aire-acondicionado-barcelona\/\"]}]},{\"@type\":\"ImageObject\",\"inLanguage\":\"es\",\"@id\":\"https:\/\/www.climamania.com\/blog\/instalacion-aire-acondicionado-barcelona\/#primaryimage\",\"url\":\"https:\/\/www.climamania.com\/blog\/wp-content\/uploads\/instalacion-aire-acondicionado-valencia.jpg\",\"contentUrl\":\"https:\/\/www.climamania.com\/blog\/wp-content\/uploads\/instalacion-aire-acondicionado-valencia.jpg\",\"width\":1200,\"height\":628,\"caption\":\"Instalaci\u00f3n aire acondicionado Barcelona\"},{\"@type\":\"BreadcrumbList\",\"@id\":\"https:\/\/www.climamania.com\/blog\/instalacion-aire-acondicionado-barcelona\/#breadcrumb\",\"itemListElement\":[{\"@type\":\"ListItem\",\"position\":1,\"name\":\"Portada\",\"item\":\"https:\/\/www.climamania.com\/blog\/\"},{\"@type\":\"ListItem\",\"position\":2,\"name\":\"Instalaci\u00f3n aire acondicionado en Barcelona\"}]},{\"@type\":\"WebSite\",\"@id\":\"https:\/\/www.climamania.com\/blog\/#website\",\"url\":\"https:\/\/www.climamania.com\/blog\/\",\"name\":\"El blog de ClimaMania | Expertos en climatizaci\u00f3n\",\"description\":\"El blog de ClimaMania, mantenemos a todos nuestros usuarios siempre informados sobre las \u00faltimas novedades en aire acondicionado, calefacci\u00f3n y mucho m\u00e1s\",\"publisher\":{\"@id\":\"https:\/\/www.climamania.com\/blog\/#organization\"},\"potentialAction\":[{\"@type\":\"SearchAction\",\"target\":{\"@type\":\"EntryPoint\",\"urlTemplate\":\"https:\/\/www.climamania.com\/blog\/?s={search_term_string}\"},\"query-input\":{\"@type\":\"PropertyValueSpecification\",\"valueRequired\":true,\"valueName\":\"search_term_string\"}}],\"inLanguage\":\"es\"},{\"@type\":\"Organization\",\"@id\":\"https:\/\/www.climamania.com\/blog\/#organization\",\"name\":\"ClimaMania\",\"url\":\"https:\/\/www.climamania.com\/blog\/\",\"logo\":{\"@type\":\"ImageObject\",\"inLanguage\":\"es\",\"@id\":\"https:\/\/www.climamania.com\/blog\/#\/schema\/logo\/image\/\",\"url\":\"https:\/\/www.climamania.com\/blog\/wp-content\/uploads\/logo-blog-climamania.png\",\"contentUrl\":\"https:\/\/www.climamania.com\/blog\/wp-content\/uploads\/logo-blog-climamania.png\",\"width\":1000,\"height\":250,\"caption\":\"ClimaMania\"},\"image\":{\"@id\":\"https:\/\/www.climamania.com\/blog\/#\/schema\/logo\/image\/\"},\"sameAs\":[\"https:\/\/www.facebook.com\/Climamania\",\"https:\/\/x.com\/ClimaMania\",\"https:\/\/www.instagram.com\/climamania\/\"]}]}<\/script>\n<!-- \/ Yoast SEO plugin. -->","yoast_head_json":{"title":"Instalaci\u00f3n aire acondicionado en Barcelona | ClimaMania","description":"\u00bfBuscas una empresa instaladora de aire acondicionado en Barcelona? ClimaMania ofrece servicio de instalaci\u00f3n en la provincia de Barcelona","robots":{"index":"index","follow":"follow","max-snippet":"max-snippet:-1","max-image-preview":"max-image-preview:large","max-video-preview":"max-video-preview:-1"},"canonical":"https:\/\/www.climamania.com\/blog\/instalacion-aire-acondicionado-barcelona\/","og_locale":"es_ES","og_type":"article","og_title":"Instalaci\u00f3n aire acondicionado en Barcelona | ClimaMania","og_description":"\u00bfBuscas una empresa instaladora de aire acondicionado en Barcelona? ClimaMania ofrece servicio de instalaci\u00f3n en la provincia de Barcelona","og_url":"https:\/\/www.climamania.com\/blog\/instalacion-aire-acondicionado-barcelona\/","og_site_name":"El blog de ClimaMania | Expertos en climatizaci\u00f3n","article_publisher":"https:\/\/www.facebook.com\/Climamania","article_modified_time":"2026-03-25T08:05:08+00:00","og_image":[{"width":1200,"height":628,"url":"https:\/\/www.climamania.com\/blog\/wp-content\/uploads\/instalacion-aire-acondicionado-valencia.jpg","type":"image\/jpeg"}],"twitter_card":"summary_large_image","twitter_site":"@ClimaMania","twitter_misc":{"Tiempo de lectura":"3 minutos"},"schema":{"@context":"https:\/\/schema.org","@graph":[{"@type":"WebPage","@id":"https:\/\/www.climamania.com\/blog\/instalacion-aire-acondicionado-barcelona\/","url":"https:\/\/www.climamania.com\/blog\/instalacion-aire-acondicionado-barcelona\/","name":"Instalaci\u00f3n aire acondicionado en Barcelona | ClimaMania","isPartOf":{"@id":"https:\/\/www.climamania.com\/blog\/#website"},"primaryImageOfPage":{"@id":"https:\/\/www.climamania.com\/blog\/instalacion-aire-acondicionado-barcelona\/#primaryimage"},"image":{"@id":"https:\/\/www.climamania.com\/blog\/instalacion-aire-acondicionado-barcelona\/#primaryimage"},"thumbnailUrl":"https:\/\/www.climamania.com\/blog\/wp-content\/uploads\/instalacion-aire-acondicionado-valencia.jpg","datePublished":"2023-05-17T07:10:49+00:00","dateModified":"2026-03-25T08:05:08+00:00","description":"\u00bfBuscas una empresa instaladora de aire acondicionado en Barcelona? ClimaMania ofrece servicio de instalaci\u00f3n en la provincia de Barcelona","breadcrumb":{"@id":"https:\/\/www.climamania.com\/blog\/instalacion-aire-acondicionado-barcelona\/#breadcrumb"},"inLanguage":"es","potentialAction":[{"@type":"ReadAction","target":["https:\/\/www.climamania.com\/blog\/instalacion-aire-acondicionado-barcelona\/"]}]},{"@type":"ImageObject","inLanguage":"es","@id":"https:\/\/www.climamania.com\/blog\/instalacion-aire-acondicionado-barcelona\/#primaryimage","url":"https:\/\/www.climamania.com\/blog\/wp-content\/uploads\/instalacion-aire-acondicionado-valencia.jpg","contentUrl":"https:\/\/www.climamania.com\/blog\/wp-content\/uploads\/instalacion-aire-acondicionado-valencia.jpg","width":1200,"height":628,"caption":"Instalaci\u00f3n aire acondicionado Barcelona"},{"@type":"BreadcrumbList","@id":"https:\/\/www.climamania.com\/blog\/instalacion-aire-acondicionado-barcelona\/#breadcrumb","itemListElement":[{"@type":"ListItem","position":1,"name":"Portada","item":"https:\/\/www.climamania.com\/blog\/"},{"@type":"ListItem","position":2,"name":"Instalaci\u00f3n aire acondicionado en Barcelona"}]},{"@type":"WebSite","@id":"https:\/\/www.climamania.com\/blog\/#website","url":"https:\/\/www.climamania.com\/blog\/","name":"El blog de ClimaMania | Expertos en climatizaci\u00f3n","description":"El blog de ClimaMania, mantenemos a todos nuestros usuarios siempre informados sobre las \u00faltimas novedades en aire acondicionado, calefacci\u00f3n y mucho m\u00e1s","publisher":{"@id":"https:\/\/www.climamania.com\/blog\/#organization"},"potentialAction":[{"@type":"SearchAction","target":{"@type":"EntryPoint","urlTemplate":"https:\/\/www.climamania.com\/blog\/?s={search_term_string}"},"query-input":{"@type":"PropertyValueSpecification","valueRequired":true,"valueName":"search_term_string"}}],"inLanguage":"es"},{"@type":"Organization","@id":"https:\/\/www.climamania.com\/blog\/#organization","name":"ClimaMania","url":"https:\/\/www.climamania.com\/blog\/","logo":{"@type":"ImageObject","inLanguage":"es","@id":"https:\/\/www.climamania.com\/blog\/#\/schema\/logo\/image\/","url":"https:\/\/www.climamania.com\/blog\/wp-content\/uploads\/logo-blog-climamania.png","contentUrl":"https:\/\/www.climamania.com\/blog\/wp-content\/uploads\/logo-blog-climamania.png","width":1000,"height":250,"caption":"ClimaMania"},"image":{"@id":"https:\/\/www.climamania.com\/blog\/#\/schema\/logo\/image\/"},"sameAs":["https:\/\/www.facebook.com\/Climamania","https:\/\/x.com\/ClimaMania","https:\/\/www.instagram.com\/climamania\/"]}]}},"_links":{"self":[{"href":"https:\/\/www.climamania.com\/blog\/wp-json\/wp\/v2\/pages\/2597","targetHints":{"allow":["GET"]}}],"collection":[{"href":"https:\/\/www.climamania.com\/blog\/wp-json\/wp\/v2\/pages"}],"about":[{"href":"https:\/\/www.climamania.com\/blog\/wp-json\/wp\/v2\/types\/page"}],"author":[{"embeddable":true,"href":"https:\/\/www.climamania.com\/blog\/wp-json\/wp\/v2\/users\/36"}],"replies":[{"embeddable":true,"href":"https:\/\/www.climamania.com\/blog\/wp-json\/wp\/v2\/comments?post=2597"}],"version-history":[{"count":12,"href":"https:\/\/www.climamania.com\/blog\/wp-json\/wp\/v2\/pages\/2597\/revisions"}],"predecessor-version":[{"id":8762,"href":"https:\/\/www.climamania.com\/blog\/wp-json\/wp\/v2\/pages\/2597\/revisions\/8762"}],"wp:featuredmedia":[{"embeddable":true,"href":"https:\/\/www.climamania.com\/blog\/wp-json\/wp\/v2\/media\/2588"}],"wp:attachment":[{"href":"https:\/\/www.climamania.com\/blog\/wp-json\/wp\/v2\/media?parent=2597"}],"curies":[{"name":"wp","href":"https:\/\/api.w.org\/{rel}","templated":true}]}}