{"id":2146,"date":"2022-01-19T10:33:01","date_gmt":"2022-01-19T09:33:01","guid":{"rendered":"https:\/\/www.climamania.com\/blog\/?page_id=2146"},"modified":"2022-01-20T17:36:40","modified_gmt":"2022-01-20T16:36:40","slug":"plazos-de-entrega","status":"publish","type":"page","link":"https:\/\/www.climamania.com\/blog\/plazos-de-entrega\/","title":{"rendered":"Plazos de entrega"},"content":{"rendered":"\n<p>Enviamos los pedidos siempre, tras la confirmaci\u00f3n del pago y las entregas estimadas son las siguientes:<\/p>\n\n\n\n<ul class=\"wp-block-list\"><li><strong>Espa\u00f1a peninsular:\u00a0<\/strong>hacemos env\u00edos con entrega de 24 a 48 horas\u00a0<strong>al siguiente d\u00eda h\u00e1bil<\/strong>.<\/li><li><strong>Canarias:<\/strong>\u00a0realizamos los env\u00edos en\u00a0ciclos semanales cada martes. Entregamos los pedidos en capitales\u00a0el martes siguiente.<\/li><li><strong>Baleares:\u00a0<\/strong>entrega en Mallorca en 48 horas h\u00e1biles, tras la expedici\u00f3n de la mercanc\u00eda. En Menorca, Ibiza y Formentera hay embarque de 2\/3 veces a la semana.<\/li><li><strong>Ceuta y Melilla:\u00a0<\/strong>env\u00edos en 72 a 96 horas, en Ceuta embarque desde Algeciras y Melilla embarque desde M\u00e1laga.<\/li><li><strong>Andorra:\u00a0<\/strong>entrega en 24 a 48 horas h\u00e1biles, seg\u00fan el c\u00f3digo postal del destino.<\/li><li><strong>Portugal:<\/strong> entrega en 48 a 72 horas.<\/li><\/ul>\n\n\n\n<p>En el siguiente mapa puedes ver el tiempo medio de transporte desde ClimaMania hasta tu provincia que por regla general se cumple con la modalidad de&nbsp;<strong>env\u00edo por transporte convencional<\/strong>:<\/p>\n\n\n\n<figure class=\"wp-block-image size-full\"><img loading=\"lazy\" decoding=\"async\" width=\"739\" height=\"475\" src=\"https:\/\/www.climamania.com\/blog\/wp-content\/uploads\/entregas.jpg\" alt=\"\" class=\"wp-image-2147\" srcset=\"https:\/\/www.climamania.com\/blog\/wp-content\/uploads\/entregas.jpg 739w, https:\/\/www.climamania.com\/blog\/wp-content\/uploads\/entregas-300x193.jpg 300w\" sizes=\"auto, (max-width: 739px) 100vw, 739px\" \/><\/figure>\n\n\n\n<div class=\"wp-block-buttons is-layout-flex wp-block-buttons-is-layout-flex\">\n<div class=\"wp-block-button\"><a class=\"wp-block-button__link has-background\" href=\"https:\/\/www.climamania.com\/blog\/centro-ayuda\/\" style=\"background-color:#316396\">\u2190 Volver al centro de ayuda<\/a><\/div>\n<\/div>\n","protected":false},"excerpt":{"rendered":"<p>Enviamos los pedidos siempre, tras la confirmaci\u00f3n del pago y las entregas estimadas son las siguientes: Espa\u00f1a peninsular:\u00a0hacemos env\u00edos con entrega de 24 a 48 horas\u00a0al siguiente d\u00eda h\u00e1bil. Canarias:\u00a0realizamos &#8230; <a title=\"Plazos de entrega\" class=\"read-more\" href=\"https:\/\/www.climamania.com\/blog\/plazos-de-entrega\/\" aria-label=\"Leer m\u00e1s sobre Plazos de entrega\">Leer m\u00e1s<\/a><\/p>\n","protected":false},"author":36,"featured_media":0,"parent":0,"menu_order":0,"comment_status":"closed","ping_status":"closed","template":"","meta":{"_lmt_disableupdate":"no","_lmt_disable":"","footnotes":""},"class_list":["post-2146","page","type-page","status-publish"],"yoast_head":"<!-- This site is optimized with the Yoast SEO plugin v27.1.1 - https:\/\/yoast.com\/product\/yoast-seo-wordpress\/ -->\n<title>El blog de ClimaMania | Expertos en climatizaci\u00f3n<\/title>\n<meta name=\"robots\" content=\"index, follow, max-snippet:-1, max-image-preview:large, max-video-preview:-1\" \/>\n<link rel=\"canonical\" href=\"https:\/\/www.climamania.com\/blog\/plazos-de-entrega\/\" \/>\n<meta property=\"og:locale\" content=\"es_ES\" \/>\n<meta property=\"og:type\" content=\"article\" \/>\n<meta property=\"og:description\" content=\"Enviamos los pedidos siempre, tras la confirmaci\u00f3n del pago y las entregas estimadas son las siguientes: Espa\u00f1a peninsular:\u00a0hacemos env\u00edos con entrega de 24 a 48 horas\u00a0al siguiente d\u00eda h\u00e1bil. Canarias:\u00a0realizamos ... Leer m\u00e1s\" \/>\n<meta property=\"og:url\" content=\"https:\/\/www.climamania.com\/blog\/plazos-de-entrega\/\" \/>\n<meta property=\"og:site_name\" content=\"El blog de ClimaMania | Expertos en climatizaci\u00f3n\" \/>\n<meta property=\"article:publisher\" content=\"https:\/\/www.facebook.com\/Climamania\" \/>\n<meta property=\"article:modified_time\" content=\"2022-01-20T16:36:40+00:00\" \/>\n<meta property=\"og:image\" content=\"https:\/\/www.climamania.com\/blog\/wp-content\/uploads\/entregas.jpg\" \/>\n<meta name=\"twitter:card\" content=\"summary_large_image\" \/>\n<meta name=\"twitter:site\" content=\"@ClimaMania\" \/>\n<meta name=\"twitter:label1\" content=\"Tiempo de lectura\" \/>\n\t<meta name=\"twitter:data1\" content=\"1 minuto\" \/>\n<script type=\"application\/ld+json\" class=\"yoast-schema-graph\">{\"@context\":\"https:\/\/schema.org\",\"@graph\":[{\"@type\":\"WebPage\",\"@id\":\"https:\/\/www.climamania.com\/blog\/plazos-de-entrega\/\",\"url\":\"https:\/\/www.climamania.com\/blog\/plazos-de-entrega\/\",\"name\":\"\",\"isPartOf\":{\"@id\":\"https:\/\/www.climamania.com\/blog\/#website\"},\"primaryImageOfPage\":{\"@id\":\"https:\/\/www.climamania.com\/blog\/plazos-de-entrega\/#primaryimage\"},\"image\":{\"@id\":\"https:\/\/www.climamania.com\/blog\/plazos-de-entrega\/#primaryimage\"},\"thumbnailUrl\":\"https:\/\/www.climamania.com\/blog\/wp-content\/uploads\/entregas.jpg\",\"datePublished\":\"2022-01-19T09:33:01+00:00\",\"dateModified\":\"2022-01-20T16:36:40+00:00\",\"breadcrumb\":{\"@id\":\"https:\/\/www.climamania.com\/blog\/plazos-de-entrega\/#breadcrumb\"},\"inLanguage\":\"es\",\"potentialAction\":[{\"@type\":\"ReadAction\",\"target\":[\"https:\/\/www.climamania.com\/blog\/plazos-de-entrega\/\"]}]},{\"@type\":\"ImageObject\",\"inLanguage\":\"es\",\"@id\":\"https:\/\/www.climamania.com\/blog\/plazos-de-entrega\/#primaryimage\",\"url\":\"https:\/\/www.climamania.com\/blog\/wp-content\/uploads\/entregas.jpg\",\"contentUrl\":\"https:\/\/www.climamania.com\/blog\/wp-content\/uploads\/entregas.jpg\",\"width\":739,\"height\":475},{\"@type\":\"BreadcrumbList\",\"@id\":\"https:\/\/www.climamania.com\/blog\/plazos-de-entrega\/#breadcrumb\",\"itemListElement\":[{\"@type\":\"ListItem\",\"position\":1,\"name\":\"Portada\",\"item\":\"https:\/\/www.climamania.com\/blog\/\"},{\"@type\":\"ListItem\",\"position\":2,\"name\":\"Plazos de entrega\"}]},{\"@type\":\"WebSite\",\"@id\":\"https:\/\/www.climamania.com\/blog\/#website\",\"url\":\"https:\/\/www.climamania.com\/blog\/\",\"name\":\"El blog de ClimaMania | Expertos en climatizaci\u00f3n\",\"description\":\"El blog de ClimaMania, mantenemos a todos nuestros usuarios siempre informados sobre las \u00faltimas novedades en aire acondicionado, calefacci\u00f3n y mucho m\u00e1s\",\"publisher\":{\"@id\":\"https:\/\/www.climamania.com\/blog\/#organization\"},\"potentialAction\":[{\"@type\":\"SearchAction\",\"target\":{\"@type\":\"EntryPoint\",\"urlTemplate\":\"https:\/\/www.climamania.com\/blog\/?s={search_term_string}\"},\"query-input\":{\"@type\":\"PropertyValueSpecification\",\"valueRequired\":true,\"valueName\":\"search_term_string\"}}],\"inLanguage\":\"es\"},{\"@type\":\"Organization\",\"@id\":\"https:\/\/www.climamania.com\/blog\/#organization\",\"name\":\"ClimaMania\",\"url\":\"https:\/\/www.climamania.com\/blog\/\",\"logo\":{\"@type\":\"ImageObject\",\"inLanguage\":\"es\",\"@id\":\"https:\/\/www.climamania.com\/blog\/#\/schema\/logo\/image\/\",\"url\":\"https:\/\/www.climamania.com\/blog\/wp-content\/uploads\/logo-blog-climamania.png\",\"contentUrl\":\"https:\/\/www.climamania.com\/blog\/wp-content\/uploads\/logo-blog-climamania.png\",\"width\":1000,\"height\":250,\"caption\":\"ClimaMania\"},\"image\":{\"@id\":\"https:\/\/www.climamania.com\/blog\/#\/schema\/logo\/image\/\"},\"sameAs\":[\"https:\/\/www.facebook.com\/Climamania\",\"https:\/\/x.com\/ClimaMania\",\"https:\/\/www.instagram.com\/climamania\/\"]}]}<\/script>\n<!-- \/ Yoast SEO plugin. -->","yoast_head_json":{"title":"El blog de ClimaMania | Expertos en climatizaci\u00f3n","robots":{"index":"index","follow":"follow","max-snippet":"max-snippet:-1","max-image-preview":"max-image-preview:large","max-video-preview":"max-video-preview:-1"},"canonical":"https:\/\/www.climamania.com\/blog\/plazos-de-entrega\/","og_locale":"es_ES","og_type":"article","og_description":"Enviamos los pedidos siempre, tras la confirmaci\u00f3n del pago y las entregas estimadas son las siguientes: Espa\u00f1a peninsular:\u00a0hacemos env\u00edos con entrega de 24 a 48 horas\u00a0al siguiente d\u00eda h\u00e1bil. Canarias:\u00a0realizamos ... Leer m\u00e1s","og_url":"https:\/\/www.climamania.com\/blog\/plazos-de-entrega\/","og_site_name":"El blog de ClimaMania | Expertos en climatizaci\u00f3n","article_publisher":"https:\/\/www.facebook.com\/Climamania","article_modified_time":"2022-01-20T16:36:40+00:00","og_image":[{"url":"https:\/\/www.climamania.com\/blog\/wp-content\/uploads\/entregas.jpg","type":"","width":"","height":""}],"twitter_card":"summary_large_image","twitter_site":"@ClimaMania","twitter_misc":{"Tiempo de lectura":"1 minuto"},"schema":{"@context":"https:\/\/schema.org","@graph":[{"@type":"WebPage","@id":"https:\/\/www.climamania.com\/blog\/plazos-de-entrega\/","url":"https:\/\/www.climamania.com\/blog\/plazos-de-entrega\/","name":"","isPartOf":{"@id":"https:\/\/www.climamania.com\/blog\/#website"},"primaryImageOfPage":{"@id":"https:\/\/www.climamania.com\/blog\/plazos-de-entrega\/#primaryimage"},"image":{"@id":"https:\/\/www.climamania.com\/blog\/plazos-de-entrega\/#primaryimage"},"thumbnailUrl":"https:\/\/www.climamania.com\/blog\/wp-content\/uploads\/entregas.jpg","datePublished":"2022-01-19T09:33:01+00:00","dateModified":"2022-01-20T16:36:40+00:00","breadcrumb":{"@id":"https:\/\/www.climamania.com\/blog\/plazos-de-entrega\/#breadcrumb"},"inLanguage":"es","potentialAction":[{"@type":"ReadAction","target":["https:\/\/www.climamania.com\/blog\/plazos-de-entrega\/"]}]},{"@type":"ImageObject","inLanguage":"es","@id":"https:\/\/www.climamania.com\/blog\/plazos-de-entrega\/#primaryimage","url":"https:\/\/www.climamania.com\/blog\/wp-content\/uploads\/entregas.jpg","contentUrl":"https:\/\/www.climamania.com\/blog\/wp-content\/uploads\/entregas.jpg","width":739,"height":475},{"@type":"BreadcrumbList","@id":"https:\/\/www.climamania.com\/blog\/plazos-de-entrega\/#breadcrumb","itemListElement":[{"@type":"ListItem","position":1,"name":"Portada","item":"https:\/\/www.climamania.com\/blog\/"},{"@type":"ListItem","position":2,"name":"Plazos de entrega"}]},{"@type":"WebSite","@id":"https:\/\/www.climamania.com\/blog\/#website","url":"https:\/\/www.climamania.com\/blog\/","name":"El blog de ClimaMania | Expertos en climatizaci\u00f3n","description":"El blog de ClimaMania, mantenemos a todos nuestros usuarios siempre informados sobre las \u00faltimas novedades en aire acondicionado, calefacci\u00f3n y mucho m\u00e1s","publisher":{"@id":"https:\/\/www.climamania.com\/blog\/#organization"},"potentialAction":[{"@type":"SearchAction","target":{"@type":"EntryPoint","urlTemplate":"https:\/\/www.climamania.com\/blog\/?s={search_term_string}"},"query-input":{"@type":"PropertyValueSpecification","valueRequired":true,"valueName":"search_term_string"}}],"inLanguage":"es"},{"@type":"Organization","@id":"https:\/\/www.climamania.com\/blog\/#organization","name":"ClimaMania","url":"https:\/\/www.climamania.com\/blog\/","logo":{"@type":"ImageObject","inLanguage":"es","@id":"https:\/\/www.climamania.com\/blog\/#\/schema\/logo\/image\/","url":"https:\/\/www.climamania.com\/blog\/wp-content\/uploads\/logo-blog-climamania.png","contentUrl":"https:\/\/www.climamania.com\/blog\/wp-content\/uploads\/logo-blog-climamania.png","width":1000,"height":250,"caption":"ClimaMania"},"image":{"@id":"https:\/\/www.climamania.com\/blog\/#\/schema\/logo\/image\/"},"sameAs":["https:\/\/www.facebook.com\/Climamania","https:\/\/x.com\/ClimaMania","https:\/\/www.instagram.com\/climamania\/"]}]}},"_links":{"self":[{"href":"https:\/\/www.climamania.com\/blog\/wp-json\/wp\/v2\/pages\/2146","targetHints":{"allow":["GET"]}}],"collection":[{"href":"https:\/\/www.climamania.com\/blog\/wp-json\/wp\/v2\/pages"}],"about":[{"href":"https:\/\/www.climamania.com\/blog\/wp-json\/wp\/v2\/types\/page"}],"author":[{"embeddable":true,"href":"https:\/\/www.climamania.com\/blog\/wp-json\/wp\/v2\/users\/36"}],"replies":[{"embeddable":true,"href":"https:\/\/www.climamania.com\/blog\/wp-json\/wp\/v2\/comments?post=2146"}],"version-history":[{"count":2,"href":"https:\/\/www.climamania.com\/blog\/wp-json\/wp\/v2\/pages\/2146\/revisions"}],"predecessor-version":[{"id":2185,"href":"https:\/\/www.climamania.com\/blog\/wp-json\/wp\/v2\/pages\/2146\/revisions\/2185"}],"wp:attachment":[{"href":"https:\/\/www.climamania.com\/blog\/wp-json\/wp\/v2\/media?parent=2146"}],"curies":[{"name":"wp","href":"https:\/\/api.w.org\/{rel}","templated":true}]}}